{"id":93,"date":"2016-04-22T18:34:40","date_gmt":"2016-04-22T16:34:40","guid":{"rendered":"http:\/\/www.gassenhuber.de\/kontingenz\/?page_id=93"},"modified":"2016-05-01T22:17:30","modified_gmt":"2016-05-01T20:17:30","slug":"erfuelltesleben","status":"publish","type":"page","link":"http:\/\/www.gassenhuber.de\/kontingenz\/erfuelltesleben\/","title":{"rendered":"Biographiearbeit"},"content":{"rendered":"<p><strong><span class=\"Text\">Biografiearbeit<\/span><\/strong><br \/>\n<span><\/span><br \/>\n<span class=\"Text\">Es gibt die Redewendung vom \u201eerf\u00fcllten Leben\u201c und in der Bibel hei\u00dft es \u00e4hnlich \u201eUnd Hiob starb alt und lebenssatt\u201c. Was ist damit gemeint, kann es das \u00fcberhaupt geben ein \u201eerf\u00fclltes Leben\u201c?<\/span><br \/>\n<span><\/span><br \/>\n<strong><span class=\"Text\">Erf\u00fclltes Leben als Sattheit<\/span><\/strong><br \/>\n<span class=\"Text\"> <img loading=\"lazy\" decoding=\"async\" class=\"alignleft size-full wp-image-231\" src=\"http:\/\/www.gassenhuber.de\/kontingenz\/wp-content\/uploads\/2016\/04\/glasvoll50.jpg\" alt=\"glasvoll50\" width=\"91\" height=\"108\" \/>In der Bibel ist es so gemeint: Hiob hat im wesentlichen alles erreicht und alles bekommen, was das Leben bieten kann. Nachdem er alle Qualen dieser Erde durchlitten hatte, wendete sich das Blatt zum Guten. Er bekam Beileid und Trost von all seinen Verwandten und Freunden. Er bekam Gold und Silber, gro\u00dfe Herden an Kamelen, Rindern und Eseln, er bekam sieben S\u00f6hne und drei T\u00f6chter. Seine T\u00f6chter waren die sch\u00f6nsten im ganzen Land. Und er lebte noch 140 Jahre und sah seine Enkelkinder bis ins vierte Glied.<\/span><br \/>\n<span class=\"Text\"> Hiob bekam alles, was es damals gab, er erlebte, hatte und war alles, was man damals sein konnte. Sein Leben war in diesem Sinne komplett, vollst\u00e4ndig, ganz, l\u00fcckenlos. Er war \u201esatt\u201c hei\u00dft es, hatte genug von allem. Seine letzte Lebensphase war wir ein Festmahl an dessen Ende man in jeder Hinsicht satt und zufrieden ist. Das ist das Urbild vom satten, vollen Leben, wie wir es auch in den beliebten Goethezeilen wiederfinden:<\/span><br \/>\n<em><span class=\"Text\"> \u201eAlles gaben G\u00f6tter die unendlichen<\/span><br \/>\n<span class=\"Text\"> Ihren Lieblingen ganz<\/span><br \/>\n<span class=\"Text\"> Alle Freuden die unendlichen<\/span><br \/>\n<span class=\"Text\"> Alle Schmerzen die unendlichen ganz.\u201c<\/span><\/em><br \/>\n<span class=\"Text\"> Ganz \u00e4hnlich wie bei Hiob finden wir auch bei Goethe den besonderen Bezug zu den G\u00f6ttern und gleichzeitig den maximierten, individuellen Lebensvollzug. Von der Gottheit bevorzugt geliebt und auserw\u00e4hlt gelingt es diesen Einzelnen, oder haben sie das Ziel, das Leben besonders vollst\u00e4ndig zu leben.<\/span><br \/>\n<span class=\"Text\"> In dieser individualistischen, ich-betonten Perspektive ist die Aufmerksamkeit haupts\u00e4chlich auf die Vervollkommnung des eigenen Lebens gerichtet. Das Leben der anderen oder das Leben im Allgemeinen wird zum Umfeld, in dem das eigene stattfindet.<\/span><br \/>\n<span><\/span><br \/>\n<strong><span class=\"Text\">Leeres Leben und Traurigkeit<\/span><\/strong><br \/>\n<span class=\"Text\"> <img loading=\"lazy\" decoding=\"async\" class=\"alignleft size-full wp-image-232\" src=\"http:\/\/www.gassenhuber.de\/kontingenz\/wp-content\/uploads\/2016\/04\/glassleer50.jpg\" alt=\"glassleer50\" width=\"90\" height=\"109\" \/>Die Gegenposition dazu bezeichnet der deprimierende Satz \u201eDas Leben ist ein Leichenzug von totgeborenen M\u00f6glichkeiten.\u201c (Ich wei\u00df nicht mehr, wer&#8217;s geschrieben hat.) Das ist der traurige Blick auf die verpa\u00dften Chancen, auf die nicht-gelebten Potentiale, auf die Kl\u00e4glichkeit des realen Daseins vor dem Hintergrund schier unendlicher M\u00f6glichkeiten. Die tats\u00e4chlich ergriffenen Gelegenheiten fallen schon nicht mehr ins Gewicht vor dieser Armada an vertanen Chancen. In der Hauptsache wurde das Leben nicht gelebt. Menschliches Leben ist so reich und vielf\u00e4ltig, was kann ein einzelner Mensch davon schon erleben? Nur einen winzigen Ausschnitt, ein paar Fertigkeiten, ein paar Aufgaben \u2014 und das alles nur in der eigenen Lebenszeit um das Jahr 2000 herum. Ein einzelnes Leben ist vor diesem Hintergrund gleichbedeutend damit, sogut wie alle Chancen zu verpassen \u2014 und m\u00f6glicherweise dar\u00fcber zu trauern, was alles nicht gelebt wurde.<\/span><br \/>\n<span><\/span><br \/>\n<strong><span class=\"Text\">Leben und Teilhaben<\/span><\/strong><br \/>\n<span class=\"Text\"> <img loading=\"lazy\" decoding=\"async\" class=\"alignleft size-full wp-image-230\" src=\"http:\/\/www.gassenhuber.de\/kontingenz\/wp-content\/uploads\/2016\/04\/glassgross50.jpg\" alt=\"glassgross50\" width=\"110\" height=\"144\" \/>In dieser Einstellung sehen wir unser Leben in seinen Beziehungen zu anderen, zu unserem Umfeld und Kontext. Wir konzentrieren uns nicht so sehr auf unsere individuelle Erf\u00fcllung oder unsere besondere Trauer, sondern versuchen, unsere Herkunft und unser Leben in seinen Bez\u00fcgen zu begreifen wie Verwandschaftsbeziehungen, Freundschaften, Nachkommen, Arbeit, Kultur, Menschheit etc. Oft \u00f6ffnet sich erst auf diesem Weg der Reichtum der Welt im Unterschied zum Reichtum f\u00fcr ein einzelnes Individuum. Bildlich gesprochen steht jetzt ein halbvolles Glas vor einem Hintergund. Der Druck, das Leben m\u00f6glichst perfekt zu meistern und die Belastung, eventuell viel vers\u00e4umt zu haben, lassen nach. Wir lernen, unser kleines, begrenztes Leben auch als Teil von etwas Gr\u00f6\u00dferem zu sehen, an dem wir teilhaben.<\/span><br \/>\n<span class=\"Text\"> Wir k\u00f6nnen uns fragen:<\/span><br \/>\n<span class=\"Text\"> \u2014 In welchen Bereichen ist mein Leben erf\u00fcllt?<\/span><br \/>\n<span class=\"Text\"> \u2014 Welche Themen sind eine dr\u00e4ngende Aufgabe f\u00fcr mich?<\/span><br \/>\n<span class=\"Text\"> \u2014 Welche Bereiche kann ich loslassen und \u201evon anderen leben lassen\u201c?<\/span><br \/>\n<span class=\"Text\"> \u2014 Wo m\u00f6chte ich mein teilnehmendes Leben erweitern?<\/span><\/p>\n<p><span class=\"Text\"><a href=\"http:\/\/www.gassenhuber.de\/kontingenz\/kontingenz\/#erfuelltesleben\">&#8230; zur\u00fcck<\/a><\/span><\/p>\n","protected":false},"excerpt":{"rendered":"<p>Biografiearbeit Es gibt die Redewendung vom \u201eerf\u00fcllten Leben\u201c und in der Bibel hei\u00dft es \u00e4hnlich \u201eUnd Hiob starb alt und lebenssatt\u201c. Was ist damit gemeint, kann es das \u00fcberhaupt geben ein \u201eerf\u00fclltes Leben\u201c? Erf\u00fclltes Leben als Sattheit In der Bibel ist es so gemeint: Hiob hat im wesentlichen alles erreicht und alles bekommen, was das &hellip; <a href=\"http:\/\/www.gassenhuber.de\/kontingenz\/erfuelltesleben\/\" class=\"more-link\"><span class=\"screen-reader-text\">Biographiearbeit<\/span> weiterlesen <span class=\"meta-nav\">&rarr;<\/span><\/a><\/p>\n","protected":false},"author":1,"featured_media":0,"parent":0,"menu_order":0,"comment_status":"closed","ping_status":"closed","template":"","meta":{"footnotes":""},"class_list":["post-93","page","type-page","status-publish","hentry"],"_links":{"self":[{"href":"http:\/\/www.gassenhuber.de\/kontingenz\/wp-json\/wp\/v2\/pages\/93"}],"collection":[{"href":"http:\/\/www.gassenhuber.de\/kontingenz\/wp-json\/wp\/v2\/pages"}],"about":[{"href":"http:\/\/www.gassenhuber.de\/kontingenz\/wp-json\/wp\/v2\/types\/page"}],"author":[{"embeddable":true,"href":"http:\/\/www.gassenhuber.de\/kontingenz\/wp-json\/wp\/v2\/users\/1"}],"replies":[{"embeddable":true,"href":"http:\/\/www.gassenhuber.de\/kontingenz\/wp-json\/wp\/v2\/comments?post=93"}],"version-history":[{"count":9,"href":"http:\/\/www.gassenhuber.de\/kontingenz\/wp-json\/wp\/v2\/pages\/93\/revisions"}],"predecessor-version":[{"id":615,"href":"http:\/\/www.gassenhuber.de\/kontingenz\/wp-json\/wp\/v2\/pages\/93\/revisions\/615"}],"wp:attachment":[{"href":"http:\/\/www.gassenhuber.de\/kontingenz\/wp-json\/wp\/v2\/media?parent=93"}],"curies":[{"name":"wp","href":"https:\/\/api.w.org\/{rel}","templated":true}]}}