{"id":913,"date":"2019-01-31T12:00:14","date_gmt":"2019-01-31T11:00:14","guid":{"rendered":"http:\/\/www.gassenhuber.de\/kontingenz\/?page_id=913"},"modified":"2019-02-23T16:41:41","modified_gmt":"2019-02-23T15:41:41","slug":"lebendigkeit","status":"publish","type":"page","link":"http:\/\/www.gassenhuber.de\/kontingenz\/lebendigkeit\/","title":{"rendered":"Lebendigkeit"},"content":{"rendered":"<p><span class=\"Text\"><a href=\"http:\/\/www.gassenhuber.de\/kontingenz\/wpmaterialien\/\"><img loading=\"lazy\" decoding=\"async\" width=\"360\" height=\"500\" src=\"http:\/\/www.gassenhuber.de\/kontingenz\/wp-content\/uploads\/2019\/01\/buchtitel500.jpg\" alt=\"\" class=\"aligncenter size-medium wp-image-922\" srcset=\"http:\/\/www.gassenhuber.de\/kontingenz\/wp-content\/uploads\/2019\/01\/buchtitel500.jpg 360w, http:\/\/www.gassenhuber.de\/kontingenz\/wp-content\/uploads\/2019\/01\/buchtitel500-216x300.jpg 216w\" sizes=\"(max-width: 360px) 100vw, 360px\" \/><\/a><\/span><\/p>\n<p><span class=\"Text\"><strong>\u201eAuf der Suche nach der verlorenen Lebendigkeit\u201c<\/strong><br \/>\nEin Briefdialog zwischen Rudolf Ga\u00dfenhuber und Robert J. Kozljani\u010d<br \/>\nNatur, Herrschaft, Herzsinn \u2013 Vom langen Weg zur Naturfreundschaft<\/span><\/p>\n<p><span class=\"Text\">Die beiden Autoren sym-philosophieren in diesem Briefdialog auf mitrei\u00dfende Art \u00fcber die vorzivilisatorischen Grundlagen unserer Kultur, \u00fcber Entfremdungsprozesse und dar\u00fcber, wie wir ein Mit-der-Natur-Sein (wieder) verwirklichen k\u00f6nnten. Dabei werden die Autoren von einer starken dialogischen Dynamik erfasst. Sich gegenseitig anregend und fordernd werden viele tiefgehende Fragen gestellt:<br \/>\nWas haben wir mit dem Auszug aus der Natur eigentlich verloren? Was bedeutet eine \u201aentzauberte\u2019 Welt und was k\u00f6nnte ein zu bewahrender Kern des Animismus denn sein? Welche Rolle spielen Herrschafts- und Machtstrukturen beim Verlust der Naturbindung? K\u00f6nnen wir unseren Weltverlust verringern und unser Naturvertrauen vertiefen? F\u00fchrt der Weg \u00fcber Visionen und Grenzerlebnisse? Braucht es dabei Religionen und Rituale? Oder sind Herz\u00f6ffnung und Sein-Lassen-K\u00f6nnen wichtiger? Letzlich ist es wom\u00f6glich ganz leicht. Wenn es uns nur gelingt, den Herzsinn zu \u00f6ffnen, die Lebensquellen wieder freizulegen und das konkret Erfahrene miteinander zu kultivieren.<br \/>\nMit diesen Fragen und mit vielen Erfahrungsbeispielen und anschaulichen Metaphern bietet das Buch einen wertvollen Beitrag zur Aufl\u00f6sung einer heute von vielen Menschen empfundenen Naturferne, Verlorenheit und Ungeborgenheit. (Klappentext)<br \/>\nAugsburg 2019, ISBN 978-3-944708-84-3, 114 S., <a href=\"https:\/\/www.amazon.de\/Suche-verlorenen-Lebendigkeit-Naturfreundschaft-Erlebnisp\u00e4dagogik\/dp\/3944708857\/\" target=\"_blank\">bei Amazon,<\/a> <\/a> <a href=\"https:\/\/www.ziel-verlag.de\/erlebnispaedagogik\/auf-der-suche-nach-der-verlorenen-lebendigkeit.php\" target=\"_blank\" rel=\"noopener\">beim Ziel-Verlag<\/a><\/span><\/p>\n<div class=\"post-views content-post post-913 entry-meta\">\r\n\t\t\t\t<span class=\"post-views-icon dashicons dashicons-palmtree\"><\/span> <span class=\"post-views-count\">2.040<\/span>\r\n\t\t\t<\/div>\n","protected":false},"excerpt":{"rendered":"<p>\u201eAuf der Suche nach der verlorenen Lebendigkeit\u201c Ein Briefdialog zwischen Rudolf Ga\u00dfenhuber und Robert J. Kozljani\u010d Natur, Herrschaft, Herzsinn \u2013 Vom langen Weg zur Naturfreundschaft Die beiden Autoren sym-philosophieren in diesem Briefdialog auf mitrei\u00dfende Art \u00fcber die vorzivilisatorischen Grundlagen unserer Kultur, \u00fcber Entfremdungsprozesse und dar\u00fcber, wie wir ein Mit-der-Natur-Sein (wieder) verwirklichen k\u00f6nnten. Dabei werden die &hellip; <a href=\"http:\/\/www.gassenhuber.de\/kontingenz\/lebendigkeit\/\" class=\"more-link\"><span class=\"screen-reader-text\">Lebendigkeit<\/span> weiterlesen <span class=\"meta-nav\">&rarr;<\/span><\/a><\/p>\n","protected":false},"author":1,"featured_media":0,"parent":0,"menu_order":0,"comment_status":"closed","ping_status":"closed","template":"","meta":{"footnotes":""},"class_list":["post-913","page","type-page","status-publish","hentry"],"_links":{"self":[{"href":"http:\/\/www.gassenhuber.de\/kontingenz\/wp-json\/wp\/v2\/pages\/913"}],"collection":[{"href":"http:\/\/www.gassenhuber.de\/kontingenz\/wp-json\/wp\/v2\/pages"}],"about":[{"href":"http:\/\/www.gassenhuber.de\/kontingenz\/wp-json\/wp\/v2\/types\/page"}],"author":[{"embeddable":true,"href":"http:\/\/www.gassenhuber.de\/kontingenz\/wp-json\/wp\/v2\/users\/1"}],"replies":[{"embeddable":true,"href":"http:\/\/www.gassenhuber.de\/kontingenz\/wp-json\/wp\/v2\/comments?post=913"}],"version-history":[{"count":9,"href":"http:\/\/www.gassenhuber.de\/kontingenz\/wp-json\/wp\/v2\/pages\/913\/revisions"}],"predecessor-version":[{"id":935,"href":"http:\/\/www.gassenhuber.de\/kontingenz\/wp-json\/wp\/v2\/pages\/913\/revisions\/935"}],"wp:attachment":[{"href":"http:\/\/www.gassenhuber.de\/kontingenz\/wp-json\/wp\/v2\/media?parent=913"}],"curies":[{"name":"wp","href":"https:\/\/api.w.org\/{rel}","templated":true}]}}