{"id":90,"date":"2016-04-22T18:34:04","date_gmt":"2016-04-22T16:34:04","guid":{"rendered":"http:\/\/www.gassenhuber.de\/kontingenz\/?page_id=90"},"modified":"2016-05-01T22:08:32","modified_gmt":"2016-05-01T20:08:32","slug":"kontingenz-arbeitsbeispiele","status":"publish","type":"page","link":"http:\/\/www.gassenhuber.de\/kontingenz\/kontingenz-arbeitsbeispiele\/","title":{"rendered":"Kontingenz Arbeitsbeispiele"},"content":{"rendered":"<h4><span class=\"Text\">Kontingenz Arbeitsbeispiele<\/span><\/h4>\n<p><a href=\"http:\/\/www.gassenhuber.de\/kontingenz\/wp-content\/kontingenz\/\"><img loading=\"lazy\" decoding=\"async\" class=\"wp-image-64 size-thumbnail\" src=\"http:\/\/www.gassenhuber.de\/kontingenz\/wp-content\/uploads\/2016\/04\/kontingenz-150x150.jpg\" width=\"150\" height=\"150\" srcset=\"http:\/\/www.gassenhuber.de\/kontingenz\/wp-content\/uploads\/2016\/04\/kontingenz-150x150.jpg 150w, http:\/\/www.gassenhuber.de\/kontingenz\/wp-content\/uploads\/2016\/04\/kontingenz-300x300.jpg 300w, http:\/\/www.gassenhuber.de\/kontingenz\/wp-content\/uploads\/2016\/04\/kontingenz.jpg 410w\" sizes=\"(max-width: 150px) 100vw, 150px\" \/><\/a><\/p>\n<p><span class=\"Text\">Die Grundgestimmtheit unseres Lebens h\u00e4ngt davon ab, welchen Charakter das Kontingente und Zuf\u00e4llige f\u00fcr uns besitzen. Dazu drei Beispiele:<\/span><br \/>\n<span><\/span><br \/>\n<span class=\"Text\"><strong>Biografiearbeit<\/strong><\/span><br \/>\n<span class=\"Text\"> Es gibt Gelegenheiten im Leben, die kommen nie mehr wieder. F\u00fcr Schule, Liebe, Familie, Beruf und vieles mehr gibt es im Laufe einer Biografie Weichenstellungen und Entscheidungen, die nicht mehr r\u00fcckg\u00e4ngig gemacht werden k\u00f6nnen. Manche Gelegenheiten mu\u00df man beim Schopf packen oder man verpa\u00dft sie. Im Thema Biografiearbeit kl\u00e4ren wir: Wo stehe ich jetzt in meinem Leben? Was habe ich vers\u00e4umt, was habe ich erreicht, was kann ich tun? &#8230; mehr dazu<\/span><\/p>\n<p><span class=\"Text\"><strong>Alltagsarbeit<\/strong><\/span><br \/>\n<span class=\"Text\"> Es gibt Dinge im Leben, die wiederholen sich st\u00e4ndig. Wir k\u00f6nnen das ganz unterschiedlich empfinden: Jeden Tag dieselbe M\u00fchle, jeden Tag Murmeltiertag, wir empfinden Leere, \u00d6de, Langeweile oder Skepsis, Angst. Oder: Wir genie\u00dfen es, vom Schicksal verschont zu werden und freuen uns, wenn alles seinen ruhigen Gang geht; wir haben ein Gef\u00fchl der Freude oder Dankbarkeit bei allt\u00e4glichen Vorg\u00e4ngen. Im Thema Alltagsarbeit untersuchen wir: Wie f\u00fchle ich mich in meinem derzeitigen Leben? Was ist belastend, aber notwendig? Wo stehe ich mir selbst im Weg? Wo wiederhole ich ein Ungl\u00fcck unn\u00f6tigerweise?<\/span><\/p>\n<p><span class=\"Text\"><strong>Zukunftsarbeit<\/strong><\/span><br \/>\n<span class=\"Text\"> Es gibt Ereignisse im Leben, die geschehen k\u00f6nnen. Auch hier kann uns dasselbe in gegens\u00e4tzliche Stimmungen versetzen: Wir hoffen auf eine gute Wendung, vertrauen auf unser Gl\u00fcck, sind zuversichtlich. Oder: Wir haben Angst vor Ver\u00e4nderungen, wir f\u00fcrchten uns vor Krankheit und Leid. Wir sind m\u00f6glicherweise in freudiger Erwartung oder tiefgehend angespannt, alarmiert oder mi\u00dftrauisch. Im Thema Zukunftsarbeit widmen wir uns den Fragen: Was braucht mein derzeitiges Leben? Fehlt es an Sicherheit und Geborgenheit, fehlt es an Zuversicht und Dynamik, was sollte die Zukunft bringen?<\/span><\/p>\n<p><span class=\"Text\"><a href=\"http:\/\/www.gassenhuber.de\/kontingenz\/kontingenz\/#arbeitsbeispiele\">&#8230; zur\u00fcck<\/a><\/span><\/p>\n","protected":false},"excerpt":{"rendered":"<p>Kontingenz Arbeitsbeispiele Die Grundgestimmtheit unseres Lebens h\u00e4ngt davon ab, welchen Charakter das Kontingente und Zuf\u00e4llige f\u00fcr uns besitzen. Dazu drei Beispiele: Biografiearbeit Es gibt Gelegenheiten im Leben, die kommen nie mehr wieder. F\u00fcr Schule, Liebe, Familie, Beruf und vieles mehr gibt es im Laufe einer Biografie Weichenstellungen und Entscheidungen, die nicht mehr r\u00fcckg\u00e4ngig gemacht werden &hellip; <a href=\"http:\/\/www.gassenhuber.de\/kontingenz\/kontingenz-arbeitsbeispiele\/\" class=\"more-link\"><span class=\"screen-reader-text\">Kontingenz Arbeitsbeispiele<\/span> weiterlesen <span class=\"meta-nav\">&rarr;<\/span><\/a><\/p>\n","protected":false},"author":1,"featured_media":0,"parent":0,"menu_order":0,"comment_status":"closed","ping_status":"closed","template":"","meta":{"footnotes":""},"class_list":["post-90","page","type-page","status-publish","hentry"],"_links":{"self":[{"href":"http:\/\/www.gassenhuber.de\/kontingenz\/wp-json\/wp\/v2\/pages\/90"}],"collection":[{"href":"http:\/\/www.gassenhuber.de\/kontingenz\/wp-json\/wp\/v2\/pages"}],"about":[{"href":"http:\/\/www.gassenhuber.de\/kontingenz\/wp-json\/wp\/v2\/types\/page"}],"author":[{"embeddable":true,"href":"http:\/\/www.gassenhuber.de\/kontingenz\/wp-json\/wp\/v2\/users\/1"}],"replies":[{"embeddable":true,"href":"http:\/\/www.gassenhuber.de\/kontingenz\/wp-json\/wp\/v2\/comments?post=90"}],"version-history":[{"count":12,"href":"http:\/\/www.gassenhuber.de\/kontingenz\/wp-json\/wp\/v2\/pages\/90\/revisions"}],"predecessor-version":[{"id":611,"href":"http:\/\/www.gassenhuber.de\/kontingenz\/wp-json\/wp\/v2\/pages\/90\/revisions\/611"}],"wp:attachment":[{"href":"http:\/\/www.gassenhuber.de\/kontingenz\/wp-json\/wp\/v2\/media?parent=90"}],"curies":[{"name":"wp","href":"https:\/\/api.w.org\/{rel}","templated":true}]}}