{"id":87,"date":"2016-04-22T18:32:42","date_gmt":"2016-04-22T16:32:42","guid":{"rendered":"http:\/\/www.gassenhuber.de\/kontingenz\/?page_id=87"},"modified":"2016-04-30T12:46:48","modified_gmt":"2016-04-30T10:46:48","slug":"beispiel-einer-therapieszene","status":"publish","type":"page","link":"http:\/\/www.gassenhuber.de\/kontingenz\/beispiel-einer-therapieszene\/","title":{"rendered":"Beispiel einer Therapieszene"},"content":{"rendered":"<p><span class=\"Text\"> <strong>Beispiel einer Therapieszene<\/strong> <\/span><\/p>\n<p><a href=\"http:\/\/www.gassenhuber.de\/kontingenz\/gespraech\/\"><img loading=\"lazy\" decoding=\"async\" class=\"alignnone size-thumbnail wp-image-62\" src=\"http:\/\/www.gassenhuber.de\/kontingenz\/wp-content\/uploads\/2016\/04\/gespraech-150x150.jpg\" alt=\"gespraech\" width=\"150\" height=\"150\" \/><br \/>\n<\/a><span class=\"Text\">Der Klient auf der Grafik: \u201eWenn ich mit mir selber red&#8216;, dann weiss ich wenigstens worum&#8217;s geht.\u201c<\/span><\/p>\n<p><span class=\"Text\">Der Therapeut: \u201eJa, verstehen und vestanden werden ist eine unsichere Sache. Man wei\u00df nie, ob es klappt und wie gut es funktioniert. Aber Sie sprechen trotzdem zu mir und Sie sind hier. Sie versuchen es. Ein Teil von Ihnen hat anscheinend den Wunsch, aus diesem Zustand \u00abNiemand versteht mich\u00bb herauszukommen, ein anderer Teil ist skeptisch, mi\u00dftrauisch.\u201c<\/span><\/p>\n<p><span class=\"Text\">Klient: \u201eNein, mi\u00dftrauisch bin ich nicht, eher f\u00fchle ich mich oft fremd, ja, wie ein Fremder, der da nicht dazugeh\u00f6rt&#8230;\u201c<\/span><\/p>\n<p><span class=\"Text\">Therapeut: \u201eHaben sie das Gef\u00fchl, ein Fremder zu sein, auch hier im Moment?\u201c<\/span><\/p>\n<p><span class=\"Text\">Und ein Proze\u00df des Empfindens und Erforschens kann beginnen. Wir suchen gemeinsam nach dem, was es bedeutet, woher es kommt und wohin es f\u00fchrt<\/span><\/p>\n<p><span class=\"Text\">Therapie ist ein fortw\u00e4hrend sich entwickelnder Dialog. Und wenn dieser Proze\u00df nur ein bi\u00dfchen funktioniert, dann hat der Klient auf dem Bild nicht recht: Das \u00abWorum&#8217;s geht\u00bb wird im Therapieverlauf klarer und durchsichtiger. Der Grund daf\u00fcr liegt nicht zuletzt darin, dass der Therapeut den Klienten \u201evon au\u00dfen\u201c als ganzen Menschen sehen und erleben kann: Wie ist es mit ihm zu sprechen, ihn anzusehen, ihn reden zu h\u00f6ren, was erfahre ich dabei, welches Gef\u00fchl habe ich dabei? Und was erf\u00e4hrt der Klient wenn er mich wahrnimmt und wenn er erlebt, dass ich ihn verstehe und f\u00fcr ihn Partei ergreife?<\/span><\/p>\n<p><a class=\"Text\" href=\"http:\/\/www.gassenhuber.de\/kontingenz\/gespraech\/\">&#8230; zur\u00fcck<\/a><\/p>\n","protected":false},"excerpt":{"rendered":"<p>Beispiel einer Therapieszene Der Klient auf der Grafik: \u201eWenn ich mit mir selber red&#8216;, dann weiss ich wenigstens worum&#8217;s geht.\u201c Der Therapeut: \u201eJa, verstehen und vestanden werden ist eine unsichere Sache. Man wei\u00df nie, ob es klappt und wie gut es funktioniert. Aber Sie sprechen trotzdem zu mir und Sie sind hier. Sie versuchen es. &hellip; <a href=\"http:\/\/www.gassenhuber.de\/kontingenz\/beispiel-einer-therapieszene\/\" class=\"more-link\"><span class=\"screen-reader-text\">Beispiel einer Therapieszene<\/span> weiterlesen <span class=\"meta-nav\">&rarr;<\/span><\/a><\/p>\n","protected":false},"author":1,"featured_media":0,"parent":0,"menu_order":0,"comment_status":"closed","ping_status":"closed","template":"","meta":{"footnotes":""},"class_list":["post-87","page","type-page","status-publish","hentry"],"_links":{"self":[{"href":"http:\/\/www.gassenhuber.de\/kontingenz\/wp-json\/wp\/v2\/pages\/87"}],"collection":[{"href":"http:\/\/www.gassenhuber.de\/kontingenz\/wp-json\/wp\/v2\/pages"}],"about":[{"href":"http:\/\/www.gassenhuber.de\/kontingenz\/wp-json\/wp\/v2\/types\/page"}],"author":[{"embeddable":true,"href":"http:\/\/www.gassenhuber.de\/kontingenz\/wp-json\/wp\/v2\/users\/1"}],"replies":[{"embeddable":true,"href":"http:\/\/www.gassenhuber.de\/kontingenz\/wp-json\/wp\/v2\/comments?post=87"}],"version-history":[{"count":15,"href":"http:\/\/www.gassenhuber.de\/kontingenz\/wp-json\/wp\/v2\/pages\/87\/revisions"}],"predecessor-version":[{"id":487,"href":"http:\/\/www.gassenhuber.de\/kontingenz\/wp-json\/wp\/v2\/pages\/87\/revisions\/487"}],"wp:attachment":[{"href":"http:\/\/www.gassenhuber.de\/kontingenz\/wp-json\/wp\/v2\/media?parent=87"}],"curies":[{"name":"wp","href":"https:\/\/api.w.org\/{rel}","templated":true}]}}