{"id":843,"date":"2018-04-03T18:25:03","date_gmt":"2018-04-03T16:25:03","guid":{"rendered":"http:\/\/www.gassenhuber.de\/kontingenz\/?page_id=843"},"modified":"2019-02-23T16:40:52","modified_gmt":"2019-02-23T15:40:52","slug":"herzsinn","status":"publish","type":"page","link":"http:\/\/www.gassenhuber.de\/kontingenz\/wpmaterialien\/herzsinn\/","title":{"rendered":"Herzsinn"},"content":{"rendered":"<p><span class=\"Text\"><a href=\"http:\/\/www.gassenhuber.de\/kontingenz\/wpmaterialien\/\"><img loading=\"lazy\" decoding=\"async\" class=\"wp-image-846 size-full aligncenter\" src=\"http:\/\/www.gassenhuber.de\/kontingenz\/wp-content\/uploads\/2018\/04\/Umschlag700.jpg\" alt=\"\" width=\"914\" height=\"700\" srcset=\"http:\/\/www.gassenhuber.de\/kontingenz\/wp-content\/uploads\/2018\/04\/Umschlag700.jpg 914w, http:\/\/www.gassenhuber.de\/kontingenz\/wp-content\/uploads\/2018\/04\/Umschlag700-300x230.jpg 300w, http:\/\/www.gassenhuber.de\/kontingenz\/wp-content\/uploads\/2018\/04\/Umschlag700-768x588.jpg 768w\" sizes=\"(max-width: 914px) 100vw, 914px\" \/><\/a><\/span><br \/>\n<span class=\"Text\"><strong>Rudolf\u00a0Ga\u00dfenhuber \u201eHerzsinn und Weltangst\u201c<\/strong><br \/>\nEtwa 30 philosophisch-psychologische Essays \u00fcber 400 Jahre Lebenswirklichkeit. Eine Spurensuche nach den Gr\u00fcnden und Folgen eines allgemein weiter schwindenden Weltvertrauens und wachsender Angst und Unsicherheit. Die Folgen sind zunehmend verheerend. Denn allzu oft wird verlorenes Vertrauen nicht durch Bindung und Trost wieder geheilt, sondern durch ein stolzes Streben nach Macht und Gr\u00f6\u00dfe oberfl\u00e4chlich kompensiert. Das Misstrauen bleibt und verschanzt sich, jederzeit bereit zu neuen Ausf\u00e4llen. Alle Essays drehen sich deshalb um diesen Kern vertrauensvoller Lebensfreude in einer Welt, die sich im Laufe der Zeit immer expliziter gegen das Verwandtsein mit Mensch und Natur und f\u00fcr das Beherrschen und Kontrollieren entschieden hat. (Aus dem Vorwort)<br \/>\nM\u00fcnchen 2018, ISBN 9783937 656199, 164 S., 18 \u20ac, <a href=\"https:\/\/www.amazon.de\/Herzsinn-Weltangst-Philosophisch-psychologische-Rudolf-Ga\u00dfenhuber\/dp\/3937656197\/\" target=\"_blank\" rel=\"noopener\">bei Amazon<\/a>, <a href=\"https:\/\/www.bod.de\/buchshop\/herzsinn-und-weltangst-rudolf-gassenhuber-9783937656199\" target=\"_blank\" rel=\"noopener\">bei BoD<\/span><br \/>\n<span class=\"Text\"><br \/>\n\u2013 Buchsprechung in der Zeitschrift oya 2018<a href=\"https:\/\/oya-online.de\/article\/read\/3051-herzsinn_und_weltangst_buchbesprechung.html\" target=\"_blank\" rel=\"noopener\"> hier online zu lesen<\/a><br \/>\n<\/span><br \/>\n<div class=\"post-views content-post post-843 entry-meta\">\r\n\t\t\t\t<span class=\"post-views-icon dashicons dashicons-palmtree\"><\/span> <span class=\"post-views-count\">3.375<\/span>\r\n\t\t\t<\/div><\/p>\n","protected":false},"excerpt":{"rendered":"<p>Rudolf\u00a0Ga\u00dfenhuber \u201eHerzsinn und Weltangst\u201c Etwa 30 philosophisch-psychologische Essays \u00fcber 400 Jahre Lebenswirklichkeit. Eine Spurensuche nach den Gr\u00fcnden und Folgen eines allgemein weiter schwindenden Weltvertrauens und wachsender Angst und Unsicherheit. Die Folgen sind zunehmend verheerend. Denn allzu oft wird verlorenes Vertrauen nicht durch Bindung und Trost wieder geheilt, sondern durch ein stolzes Streben nach Macht und &hellip; <a href=\"http:\/\/www.gassenhuber.de\/kontingenz\/wpmaterialien\/herzsinn\/\" class=\"more-link\"><span class=\"screen-reader-text\">Herzsinn<\/span> weiterlesen <span class=\"meta-nav\">&rarr;<\/span><\/a><\/p>\n","protected":false},"author":1,"featured_media":0,"parent":27,"menu_order":0,"comment_status":"closed","ping_status":"closed","template":"","meta":{"footnotes":""},"class_list":["post-843","page","type-page","status-publish","hentry"],"_links":{"self":[{"href":"http:\/\/www.gassenhuber.de\/kontingenz\/wp-json\/wp\/v2\/pages\/843"}],"collection":[{"href":"http:\/\/www.gassenhuber.de\/kontingenz\/wp-json\/wp\/v2\/pages"}],"about":[{"href":"http:\/\/www.gassenhuber.de\/kontingenz\/wp-json\/wp\/v2\/types\/page"}],"author":[{"embeddable":true,"href":"http:\/\/www.gassenhuber.de\/kontingenz\/wp-json\/wp\/v2\/users\/1"}],"replies":[{"embeddable":true,"href":"http:\/\/www.gassenhuber.de\/kontingenz\/wp-json\/wp\/v2\/comments?post=843"}],"version-history":[{"count":25,"href":"http:\/\/www.gassenhuber.de\/kontingenz\/wp-json\/wp\/v2\/pages\/843\/revisions"}],"predecessor-version":[{"id":934,"href":"http:\/\/www.gassenhuber.de\/kontingenz\/wp-json\/wp\/v2\/pages\/843\/revisions\/934"}],"up":[{"embeddable":true,"href":"http:\/\/www.gassenhuber.de\/kontingenz\/wp-json\/wp\/v2\/pages\/27"}],"wp:attachment":[{"href":"http:\/\/www.gassenhuber.de\/kontingenz\/wp-json\/wp\/v2\/media?parent=843"}],"curies":[{"name":"wp","href":"https:\/\/api.w.org\/{rel}","templated":true}]}}