{"id":8,"date":"2016-04-21T18:37:12","date_gmt":"2016-04-21T16:37:12","guid":{"rendered":"http:\/\/www.gassenhuber.de\/kontingenz\/?page_id=8"},"modified":"2016-04-30T21:31:31","modified_gmt":"2016-04-30T19:31:31","slug":"gespraech","status":"publish","type":"page","link":"http:\/\/www.gassenhuber.de\/kontingenz\/gespraech\/","title":{"rendered":"&#8211; Gespr\u00e4ch"},"content":{"rendered":"<figure id=\"attachment_62\" aria-describedby=\"caption-attachment-62\" style=\"width: 474px\" class=\"wp-caption alignnone\"><a href=\"http:\/\/www.gassenhuber.de\/kontingenz\/\"><img loading=\"lazy\" decoding=\"async\" class=\"size-full wp-image-62\" src=\"http:\/\/www.gassenhuber.de\/kontingenz\/wp-content\/uploads\/2016\/04\/gespraech.jpg\" alt=\"Mit freundlicher Genehmigung von Christian Born\" width=\"474\" height=\"440\" srcset=\"http:\/\/www.gassenhuber.de\/kontingenz\/wp-content\/uploads\/2016\/04\/gespraech.jpg 474w, http:\/\/www.gassenhuber.de\/kontingenz\/wp-content\/uploads\/2016\/04\/gespraech-300x278.jpg 300w\" sizes=\"(max-width: 474px) 100vw, 474px\" \/><\/a><figcaption id=\"caption-attachment-62\" class=\"wp-caption-text\"><em><span class=\"genehm\" style=\"font-size: 10pt;\">Mit freundlicher Genehmigung von <span style=\"color: #006039;\"><a style=\"color: #006039;\" href=\"http:\/\/www.bob-born.de\" target=\"_blank\">Christian Born<\/a><\/span><\/span><\/em><\/figcaption><\/figure>\n<p><span class=\"Text\">Im therapeutischen Gespr\u00e4ch hat der Klient einen Zuh\u00f6rer nur f\u00fcr sich alleine. Es ist schon mal erleichternd, jemanden gegen\u00fcber zu haben, der aufmerksam ist, der einen ernst nimmt und den es interessiert, was man denkt und f\u00fchlt.<\/span><br \/>\n<span class=\"Text\"> Der Klient auf dem Bild untersch\u00e4tzt die Kraft des Verstehens. Jeder Mensch ist zwar einzigartig auf seine Art und Weise, aber dennoch sind wir auch alle Menschen <a style=\"text-decoration: underline;\" href=\"http:\/\/www.gassenhuber.de\/kontingenz\/beispiel-einer-therapieszene\/\">&#8230;Beispiel<\/a><\/span><\/p>\n<p><span class=\"Text\">In dieser zugewandten Aufmerksamkeit zeigen sich die verschiedenen Seiten, W\u00fcnsche und Stimmungen eines Menschen auf verschiedene Weise: im Sprechen, im Ausdruck, in der Stimme, im Handeln usw. Wir sagen immer mehr als wir zu sagen meinen. Das Ziel von Therapie besteht darin, mehr von diesem Mehr zu begreifen und lebendig werden zu lassen.<\/span><\/p>\n<p><span class=\"Text\">Dieses sich vertiefende Verstehen ist erleichternd, heilend und sehr wirksam. Geh\u00f6rt werden, gesehen werden, verstanden werden sind Grundbed\u00fcrfnisse eines jeden Menschen. Mehr davon f\u00fchrt zu mehr Selbst-verst\u00e4ndnis und zu neuem Handeln und Empfinden unserer Mitmenschen (siehe <span style=\"color: #006039;\"><a style=\"color: #006039;\" href=\"http:\/\/www.gassenhuber.de\/kontingenz\/individuation\/\">Individuation<\/a><\/span>) und gegen\u00fcber unserer Welt insgesamt (siehe <a href=\"http:\/\/www.gassenhuber.de\/kontingenz\/kontingenz\/\">Kontingenz<\/a><\/span>).<\/p>\n<p><span class=\"Text\"><strong>Zentrale Themen<\/strong><\/span><br \/>\n<span class=\"Text\"><a href=\"http:\/\/www.gassenhuber.de\/kontingenz\/gespraech\/\">Gespr\u00e4ch<\/a>\u00a0\u2013\u00a0<a href=\"http:\/\/www.gassenhuber.de\/kontingenz\/individuation\/\">Individuation<\/a>\u00a0\u2013\u00a0<a href=\"http:\/\/www.gassenhuber.de\/kontingenz\/existenz\/\">Existenz<\/a>\u00a0\u2013\u00a0<a href=\"http:\/\/www.gassenhuber.de\/kontingenz\/kontingenz\/\">Kontingenz<\/a>\u00a0\u2013\u00a0<a href=\"http:\/\/www.gassenhuber.de\/kontingenz\/religion\/\">Religion<\/a>\u00a0\u2013\u00a0<a href=\"http:\/\/www.gassenhuber.de\/kontingenz\/humor\/\">Humor<\/a>\u00a0\u2013\u00a0<a href=\"http:\/\/www.gassenhuber.de\/kontingenz\/praesenz\/\">Pr\u00e4senz<\/a><\/span><\/p>\n","protected":false},"excerpt":{"rendered":"<p>Im therapeutischen Gespr\u00e4ch hat der Klient einen Zuh\u00f6rer nur f\u00fcr sich alleine. Es ist schon mal erleichternd, jemanden gegen\u00fcber zu haben, der aufmerksam ist, der einen ernst nimmt und den es interessiert, was man denkt und f\u00fchlt. Der Klient auf dem Bild untersch\u00e4tzt die Kraft des Verstehens. Jeder Mensch ist zwar einzigartig auf seine Art &hellip; <a href=\"http:\/\/www.gassenhuber.de\/kontingenz\/gespraech\/\" class=\"more-link\"><span class=\"screen-reader-text\">&#8211; Gespr\u00e4ch<\/span> weiterlesen <span class=\"meta-nav\">&rarr;<\/span><\/a><\/p>\n","protected":false},"author":1,"featured_media":0,"parent":0,"menu_order":3,"comment_status":"closed","ping_status":"closed","template":"","meta":{"footnotes":""},"class_list":["post-8","page","type-page","status-publish","hentry"],"_links":{"self":[{"href":"http:\/\/www.gassenhuber.de\/kontingenz\/wp-json\/wp\/v2\/pages\/8"}],"collection":[{"href":"http:\/\/www.gassenhuber.de\/kontingenz\/wp-json\/wp\/v2\/pages"}],"about":[{"href":"http:\/\/www.gassenhuber.de\/kontingenz\/wp-json\/wp\/v2\/types\/page"}],"author":[{"embeddable":true,"href":"http:\/\/www.gassenhuber.de\/kontingenz\/wp-json\/wp\/v2\/users\/1"}],"replies":[{"embeddable":true,"href":"http:\/\/www.gassenhuber.de\/kontingenz\/wp-json\/wp\/v2\/comments?post=8"}],"version-history":[{"count":26,"href":"http:\/\/www.gassenhuber.de\/kontingenz\/wp-json\/wp\/v2\/pages\/8\/revisions"}],"predecessor-version":[{"id":507,"href":"http:\/\/www.gassenhuber.de\/kontingenz\/wp-json\/wp\/v2\/pages\/8\/revisions\/507"}],"wp:attachment":[{"href":"http:\/\/www.gassenhuber.de\/kontingenz\/wp-json\/wp\/v2\/media?parent=8"}],"curies":[{"name":"wp","href":"https:\/\/api.w.org\/{rel}","templated":true}]}}