{"id":6,"date":"2016-04-21T18:37:01","date_gmt":"2016-04-21T16:37:01","guid":{"rendered":"http:\/\/www.gassenhuber.de\/kontingenz\/?page_id=6"},"modified":"2024-08-17T07:51:14","modified_gmt":"2024-08-17T05:51:14","slug":"start","status":"publish","type":"page","link":"http:\/\/www.gassenhuber.de\/kontingenz\/","title":{"rendered":"Start"},"content":{"rendered":"\n<!--\n<h1 class=\"rot\" style=\"text-align: left;\">Ich bin in Urlaub vom 11. bis 27. September 2020<\/h1>\n<p>\n<h1 class=\"rot\">Ich bin in Urlaub vom 7. Mai bis 29. Mai 2020<\/h1>\n<h1 class=\"rot\">Ich bin in Urlaub vom 7. bis 21. Mai 2018<\/h1>\n<h1 class=\"rot\">Ich bin in Urlaub vom 6. bis 17. Mai 2019<\/h1>\n<h1 class=\"rot\" style=\"text-align: left;\">Ich bin in Urlaub vom 10. bis 21. Mai 2021<\/h1>\n-->\n<h1 class=\"rot\" style=\"text-align: left;\">2024: Ich gehe allm\u00e4hlich in den Ruhestand \u2013 <br>ich nehme keine neuen Klienten mehr an.<\/h1><br>\n<!-- <h1 class=\"rot\">Das Praxistelefon ist bis 23. M\u00e4rz 2022 nicht besetzt.<br>Ich bin aber per E-Mail erreichbar.<\/h1> -->\n<!-- <p><span class=\"Text\">Die Praxis ist auch in der Corona-Zeit ge\u00f6ffnet.&nbsp;<\/span><span class=\"Text\">Wenn Sie akute Erk\u00e4ltungssymptome haben wie Husten, Schnupfen, Fieber schonen Sie sich am Besten zuhause. Meine Einsch\u00e4tzung der Gef\u00e4hrlichkeit des Coronavirus <a href=\"http:\/\/www.gassenhuber.de\/kontingenz\/coronavirus\/\">finden Sie hier.<\/a><\/span><\/p> -->\n<div class=\"Text\">Heilpraktiker f\u00fcr Psychotherapie \u2014 Dipl.-P\u00e4d. Rudolf Ga\u00dfenhuber&nbsp;Regensburg<\/div>\n<h1 style=\"font-size: 16pt;\">Humanistische <a href=\"http:\/\/www.gassenhuber.de\/kontingenz\/psychotherapie-regensburg\/\">Psychotherapie<\/a> \u2014 <a href=\"http:\/\/www.gassenhuber.de\/kontingenz\/phil-beratung\/\">philosophische Beratung<br><\/a><\/h1>\n<p><span class=\"Text\">Gespr\u00e4chstherapie, Focusing, Gestalttherapie \u2014 Philosophische Praxis Regensburg<\/span><\/p>\n<p><a href=\"http:\/\/www.gassenhuber.de\/kontingenz\/gespraech\/\"><img loading=\"lazy\" decoding=\"async\" class=\"alignnone wp-image-312 size-full\" src=\"http:\/\/www.gassenhuber.de\/kontingenz\/wp-content\/uploads\/2016\/04\/gespraechm.jpg\" alt=\"Gespr\u00e4ch\" width=\"160\" height=\"90\"><\/a>&nbsp;&nbsp;<a href=\"http:\/\/www.gassenhuber.de\/kontingenz\/individuation\/\"><img loading=\"lazy\" decoding=\"async\" class=\"alignnone wp-image-315 size-full\" src=\"http:\/\/www.gassenhuber.de\/kontingenz\/wp-content\/uploads\/2016\/04\/individuationm.jpg\" alt=\"Individuation\" width=\"160\" height=\"90\"><\/a>&nbsp;&nbsp;<a href=\"http:\/\/www.gassenhuber.de\/kontingenz\/existenz\/\"><img loading=\"lazy\" decoding=\"async\" class=\"wp-image-318 size-full alignnone\" src=\"http:\/\/www.gassenhuber.de\/kontingenz\/wp-content\/uploads\/2016\/04\/existenzm.jpg\" width=\"160\" height=\"90\"><\/a><\/p>\n<p><a href=\"http:\/\/www.gassenhuber.de\/kontingenz\/kontingenz\/\"><img loading=\"lazy\" decoding=\"async\" class=\"wp-image-313 size-full alignnone\" src=\"http:\/\/www.gassenhuber.de\/kontingenz\/wp-content\/uploads\/2016\/04\/kontingenzm.jpg\" width=\"159\" height=\"90\"><\/a>&nbsp;&nbsp;<a href=\"http:\/\/www.gassenhuber.de\/kontingenz\/humor\/\"><img loading=\"lazy\" decoding=\"async\" class=\"wp-image-316 size-full alignnone\" src=\"http:\/\/www.gassenhuber.de\/kontingenz\/wp-content\/uploads\/2016\/04\/humorm.jpg\" width=\"160\" height=\"90\"><\/a>&nbsp; &nbsp;&nbsp;<a href=\"http:\/\/www.gassenhuber.de\/kontingenz\/praesenz\/\"><img loading=\"lazy\" decoding=\"async\" class=\"wp-image-319 size-full alignnone\" src=\"http:\/\/www.gassenhuber.de\/kontingenz\/wp-content\/uploads\/2016\/04\/praesenzm-1.jpg\" width=\"160\" height=\"90\"><\/a><\/p>\n<p style=\"text-align: left;\"><a href=\"http:\/\/www.gassenhuber.de\/kontingenz\/beratung\/\"><img loading=\"lazy\" decoding=\"async\" class=\"wp-image-314 size-full alignnone\" src=\"http:\/\/www.gassenhuber.de\/kontingenz\/wp-content\/uploads\/2016\/04\/inselm.jpg\" width=\"160\" height=\"90\"><\/a>&nbsp;&nbsp;<a href=\"http:\/\/www.gassenhuber.de\/kontingenz\/psychotherapie-regensburg\/\"><img loading=\"lazy\" decoding=\"async\" class=\"wp-image-317 size-full alignnone\" src=\"http:\/\/www.gassenhuber.de\/kontingenz\/wp-content\/uploads\/2016\/04\/gewohnheitm.jpg\" width=\"160\" height=\"90\"><\/a>&nbsp;&nbsp;<a href=\"http:\/\/www.gassenhuber.de\/kontingenz\/paare\/\"><img loading=\"lazy\" decoding=\"async\" class=\"wp-image-320 size-full alignnone\" src=\"http:\/\/www.gassenhuber.de\/kontingenz\/wp-content\/uploads\/2016\/04\/deckenegoistm.jpg\" width=\"160\" height=\"90\"><\/a><\/p>\n<p><!--\n<h2 style=\"font-size: 12pt;>Psychologische Praxis<\/h2>\n--><br><span class=\"Text\"><strong>Schnelle Hilfe und nachhaltige Besserung<\/strong>&nbsp;bei Ersch\u00f6pfung, Burnout, \u00dcberforderung, Trauer,<\/span>&nbsp;<span class=\"Text\">bei \u00c4ngsten, wie Pr\u00fcfungsangst, <\/span><span class=\"Text\">bei leichteren Bindungsst\u00f6rungen, Selbstwert- und Kontaktproblemen, Beziehungsproblemen<\/span>&nbsp;<span class=\"Text\">bei allgemeinen Lebensproblemen, <strong> mittelfristige Besserung<\/strong> bei psychosomatischen Beschwerden, Zw\u00e4ngen, Sucht, bei Borderline- und E\u00dfst\u00f6rungen, Gef\u00fchlsverlust, tieferen Traumen und Gewalterfahrungen, Depression, bei tiefergehenden Beziehungsproblemen.<\/span><br><a class=\"Text\" href=\"http:\/\/www.gassenhuber.de\/kontingenz\/psychotherapie-regensburg\/\">&#8230; weiter<\/a><\/p>\n<p><span class=\"Text\"><strong>Therapie Arbeitsweise<\/strong><\/span><br><span class=\"Text\">In der humanistischen Psychotherapie, hat der Kontakt von Mensch zu Mensch in der einen zentralen Stellenwert f\u00fcr den Behandlungserfolg. Die pers\u00f6nliche Begegnung, Verstehen und Verstanden-werden sind ganz entscheidende und hilfreiche Momente von Beratung und Therapie. Das sich vertiefende Verstehen ist erleichternd, heilend und sehr wirksam. Ich verwende haupts\u00e4chlich diese Therapiemethoden: Focusing, Gestalttherapie, systemische Arbeit mit inneren Teilen, Gespr\u00e4chstherapie, tiefenpsychologisch fundierte Therapie.<\/span><br><a class=\"Text\" href=\"http:\/\/www.gassenhuber.de\/kontingenz\/psychotherapie-regensburg\/\">&#8230; weiter<\/a><\/p>\n<div><span class=\"Text\">\u201eDas Universum besteht aus Geschichten, nicht aus Atomen.\u201c (Muriel Rukeyser)<br><\/span><span class=\"Text\">\u201eDenn was uns letztlich am Leben erh\u00e4lt, ist diese F\u00e4higkeit, uns an etwas zu freuen, etwas mit Lust und Liebe zu tun, etwas zu lieben.\u201c (Fritz Riemann)<\/span>\n<p>&nbsp;<\/p>\n<div class=\"Text\"><strong>Men\u00fc<\/strong><\/div>\n<ul class=\"Text\">\n<li>Zentrale Themen: <a href=\"http:\/\/www.gassenhuber.de\/kontingenz\/gespraech\/\">Gespr\u00e4ch<\/a>&nbsp;\u2013&nbsp;<a href=\"http:\/\/www.gassenhuber.de\/kontingenz\/individuation\/\">Individuation<\/a>&nbsp;\u2013&nbsp;<a href=\"http:\/\/www.gassenhuber.de\/kontingenz\/existenz\/\">Existenz<\/a>&nbsp;\u2013&nbsp;<a href=\"http:\/\/www.gassenhuber.de\/kontingenz\/kontingenz\/\">Kontingenz<\/a>&nbsp;\u2013&nbsp;<a href=\"http:\/\/www.gassenhuber.de\/kontingenz\/religion\/\">Religion<\/a>&nbsp;\u2013&nbsp;<a href=\"http:\/\/www.gassenhuber.de\/kontingenz\/humor\/\">Humor<\/a>&nbsp;\u2013&nbsp;<a href=\"http:\/\/www.gassenhuber.de\/kontingenz\/praesenz\/\">Pr\u00e4senz<\/a><\/li>\n<li>Therapie und Beratung: <a href=\"http:\/\/www.gassenhuber.de\/kontingenz\/psychotherapie-regensburg\/\">Einzelsitzungen Psychotherapie<\/a>&nbsp;\u2013&nbsp;<a href=\"http:\/\/www.gassenhuber.de\/kontingenz\/paare\/\">Paarberatung <\/a>&nbsp;\u2013&nbsp;<a href=\"http:\/\/www.gassenhuber.de\/kontingenz\/beratung\/\">Philosophische Beratung<\/a><\/li>\n<li><a href=\"http:\/\/www.gassenhuber.de\/kontingenz\/ueber-mich\/\">\u00dcber mich<\/a>&nbsp;\u2013&nbsp;<a href=\"http:\/\/www.gassenhuber.de\/kontingenz\/anfahrt\/\">Anfahrt <\/a>&nbsp;\u2013&nbsp;<a href=\"http:\/\/www.gassenhuber.de\/kontingenz\/wpmaterialien\/\">Materialien<\/a><\/li>\n<\/ul>\n<\/div>\n<p>&nbsp;<\/p>\n","protected":false},"excerpt":{"rendered":"","protected":false},"author":1,"featured_media":0,"parent":0,"menu_order":1,"comment_status":"closed","ping_status":"closed","template":"","meta":{"footnotes":""},"class_list":["post-6","page","type-page","status-publish","hentry"],"_links":{"self":[{"href":"http:\/\/www.gassenhuber.de\/kontingenz\/wp-json\/wp\/v2\/pages\/6"}],"collection":[{"href":"http:\/\/www.gassenhuber.de\/kontingenz\/wp-json\/wp\/v2\/pages"}],"about":[{"href":"http:\/\/www.gassenhuber.de\/kontingenz\/wp-json\/wp\/v2\/types\/page"}],"author":[{"embeddable":true,"href":"http:\/\/www.gassenhuber.de\/kontingenz\/wp-json\/wp\/v2\/users\/1"}],"replies":[{"embeddable":true,"href":"http:\/\/www.gassenhuber.de\/kontingenz\/wp-json\/wp\/v2\/comments?post=6"}],"version-history":[{"count":188,"href":"http:\/\/www.gassenhuber.de\/kontingenz\/wp-json\/wp\/v2\/pages\/6\/revisions"}],"predecessor-version":[{"id":1095,"href":"http:\/\/www.gassenhuber.de\/kontingenz\/wp-json\/wp\/v2\/pages\/6\/revisions\/1095"}],"wp:attachment":[{"href":"http:\/\/www.gassenhuber.de\/kontingenz\/wp-json\/wp\/v2\/media?parent=6"}],"curies":[{"name":"wp","href":"https:\/\/api.w.org\/{rel}","templated":true}]}}