{"id":33,"date":"2016-04-21T18:46:21","date_gmt":"2016-04-21T16:46:21","guid":{"rendered":"http:\/\/www.gassenhuber.de\/kontingenz\/?page_id=33"},"modified":"2016-05-01T12:32:42","modified_gmt":"2016-05-01T10:32:42","slug":"religion","status":"publish","type":"page","link":"http:\/\/www.gassenhuber.de\/kontingenz\/religion\/","title":{"rendered":"&#8211; Religion"},"content":{"rendered":"<figure id=\"attachment_56\" aria-describedby=\"caption-attachment-56\" style=\"width: 647px\" class=\"wp-caption alignnone\"><a href=\"http:\/\/www.gassenhuber.de\/kontingenz\/\"><img loading=\"lazy\" decoding=\"async\" class=\"size-full wp-image-56\" src=\"http:\/\/www.gassenhuber.de\/kontingenz\/wp-content\/uploads\/2016\/04\/ewlsm.jpg\" alt=\"Sonne, Erde, Wasser, Wind\" width=\"647\" height=\"439\" srcset=\"http:\/\/www.gassenhuber.de\/kontingenz\/wp-content\/uploads\/2016\/04\/ewlsm.jpg 647w, http:\/\/www.gassenhuber.de\/kontingenz\/wp-content\/uploads\/2016\/04\/ewlsm-300x204.jpg 300w\" sizes=\"(max-width: 647px) 100vw, 647px\" \/><\/a><figcaption id=\"caption-attachment-56\" class=\"wp-caption-text\"><em><span style=\"font-size: 10pt;\">Sonne, Erde, Wasser, Wind<\/span><\/em><\/figcaption><\/figure>\n<p><span class=\"Text\">Die gr\u00f6\u00dfte Bev\u00f6lkerungsgruppe ist heute in Deutschland konfessionslos (30 Mio.), gegen\u00fcber Katholiken (25 Mio.) und Protestanten (24 Mio.) Der Mitgliederschwund der gro\u00dfen Kirchen existiert seit vielen Jahren und h\u00e4lt weiter an. Die traditionellen Kirchen verlieren an Anziehung, aber das Thema \u201eReligion\u201c ist damit nicht erledigt.<\/span><br \/>\n<span class=\"Text\"> Im Thema Religion befassen wir uns \u2014 unabh\u00e4ngig von Kirchen oder konfessionellen Bindungen \u2014 mit der Bedingtheit (absoluten Abh\u00e4ngigkeit) des Menschen. Jeder Mensch wurde ungefragt geboren, keiner ist ganz der Herr seines Schicksals und irgendwann, ob wir es wollen oder nicht, ist unsere Lebensuhr abgelaufen.<\/span><br \/>\n<span class=\"Text\"> Wie f\u00fchlen wir uns diesen \u201eKr\u00e4ften\u201c gegen\u00fcber? Es gibt hier viele M\u00f6glichkeiten, wie z.B.:<\/span><\/p>\n<ul>\n<li><span class=\"Text\">\u201eVon guten M\u00e4chten wunderbar geborgen\u201c (D. Bonhoeffer)<\/span><\/li>\n<li><span class=\"Text\">Eher \u00e4ngstlich, bedroht von Krankheit und Sorgen<\/span><\/li>\n<li><span class=\"Text\">\u201eDunkle, f\u00fchllose und lieblose M\u00e4chte bestimmen das menschliche Schicksal\u201c (S. Freud)<\/span><\/li>\n<li><span class=\"Text\">Ausgegrenzt, schuldig oder besch\u00e4mt<\/span><\/li>\n<li><span class=\"Text\">Verzweifelt und verlassen \u2014 \u201eGott macht die Hoffnung der Menschen zunichte.\u201c (Hiob)<\/span><\/li>\n<li><span class=\"Text\">Voller Vorw\u00fcrfe, zur\u00fcckgesetzt, benachteiligt<\/span><\/li>\n<li><span class=\"Text\">Leben besteht in der \u201eVereinigung von Gegenkr\u00e4ften, wie beim Bogen oder der Leier.\u201c (Heraklit)<\/span><\/li>\n<li><span class=\"Text\">Dankbar und zuversichtlich<\/span><\/li>\n<\/ul>\n<p><span><\/span><br \/>\n<span class=\"Text\">Grundstimmungen dieser Art dem Leben gegen\u00fcber (wie Zuversicht, Dankbarkeit, Scham, Angst, Sorge, Verbitterung, \u00dcberdru\u00df etc.) sind Grundthemen in allen Religionen. Und sie bleiben auch au\u00dferhalb der Kirchen mitentscheidend f\u00fcr unser Lebensgl\u00fcck.<span class=\"Text\"> In der Therapie versuchen wir uns diese Grundempfindungen bewu\u00dft zu machen. Daran schlie\u00dft sich meist von selbst eine Spurensuche an zur\u00fcck zu den Wurzeln dieser Gef\u00fchle. Die Ur-Erlebnisse von Bedingtheit liegen in unseren Lebensanf\u00e4ngen als wir uns als kleine Wesen auf die F\u00fcrsorge von gro\u00dfen Erwachsenen verlie\u00dfen. Kommt, bildlich gesprochen, wieder Luft an diese Wurzeln, werden diese Erlebnisse, Erfahrungen und Stimmungen wieder wahrgenommen und verarbeitet, \u00e4ndern sich langfristig auch unsere religi\u00f6sen Einstellungen.<\/span><\/p>\n<p><span class=\"Text\">\u201eThe shadow of your smile &#8230; will color all my dreams and light the dawn.\u201c (Paul Francis Webster) Der Schatten deines L\u00e4chelns (das, was von deinem L\u00e4cheln in meinem Herzen erhalten ist) bringt Farbe in meine Tr\u00e4ume und Licht in die D\u00e4mmerung.<\/span><\/p>\n<p><span class=\"Text\"><strong>Zentrale Themen<\/strong><\/span><br \/>\n<span class=\"Text\"><a href=\"http:\/\/www.gassenhuber.de\/kontingenz\/gespraech\/\">Gespr\u00e4ch<\/a>\u00a0\u2013\u00a0<a href=\"http:\/\/www.gassenhuber.de\/kontingenz\/individuation\/\">Individuation<\/a>\u00a0\u2013\u00a0<a href=\"http:\/\/www.gassenhuber.de\/kontingenz\/existenz\/\">Existenz<\/a>\u00a0\u2013\u00a0<a href=\"http:\/\/www.gassenhuber.de\/kontingenz\/kontingenz\/\">Kontingenz<\/a>\u00a0\u2013\u00a0<a href=\"http:\/\/www.gassenhuber.de\/kontingenz\/religion\/\">Religion<\/a>\u00a0\u2013\u00a0<a href=\"http:\/\/www.gassenhuber.de\/kontingenz\/humor\/\">Humor<\/a>\u00a0\u2013\u00a0<a href=\"http:\/\/www.gassenhuber.de\/kontingenz\/praesenz\/\">Pr\u00e4senz<\/a><\/span><\/p>\n","protected":false},"excerpt":{"rendered":"<p>Die gr\u00f6\u00dfte Bev\u00f6lkerungsgruppe ist heute in Deutschland konfessionslos (30 Mio.), gegen\u00fcber Katholiken (25 Mio.) und Protestanten (24 Mio.) Der Mitgliederschwund der gro\u00dfen Kirchen existiert seit vielen Jahren und h\u00e4lt weiter an. Die traditionellen Kirchen verlieren an Anziehung, aber das Thema \u201eReligion\u201c ist damit nicht erledigt. Im Thema Religion befassen wir uns \u2014 unabh\u00e4ngig von Kirchen &hellip; <a href=\"http:\/\/www.gassenhuber.de\/kontingenz\/religion\/\" class=\"more-link\"><span class=\"screen-reader-text\">&#8211; Religion<\/span> weiterlesen <span class=\"meta-nav\">&rarr;<\/span><\/a><\/p>\n","protected":false},"author":1,"featured_media":0,"parent":0,"menu_order":7,"comment_status":"closed","ping_status":"closed","template":"","meta":{"footnotes":""},"class_list":["post-33","page","type-page","status-publish","hentry"],"_links":{"self":[{"href":"http:\/\/www.gassenhuber.de\/kontingenz\/wp-json\/wp\/v2\/pages\/33"}],"collection":[{"href":"http:\/\/www.gassenhuber.de\/kontingenz\/wp-json\/wp\/v2\/pages"}],"about":[{"href":"http:\/\/www.gassenhuber.de\/kontingenz\/wp-json\/wp\/v2\/types\/page"}],"author":[{"embeddable":true,"href":"http:\/\/www.gassenhuber.de\/kontingenz\/wp-json\/wp\/v2\/users\/1"}],"replies":[{"embeddable":true,"href":"http:\/\/www.gassenhuber.de\/kontingenz\/wp-json\/wp\/v2\/comments?post=33"}],"version-history":[{"count":18,"href":"http:\/\/www.gassenhuber.de\/kontingenz\/wp-json\/wp\/v2\/pages\/33\/revisions"}],"predecessor-version":[{"id":567,"href":"http:\/\/www.gassenhuber.de\/kontingenz\/wp-json\/wp\/v2\/pages\/33\/revisions\/567"}],"wp:attachment":[{"href":"http:\/\/www.gassenhuber.de\/kontingenz\/wp-json\/wp\/v2\/media?parent=33"}],"curies":[{"name":"wp","href":"https:\/\/api.w.org\/{rel}","templated":true}]}}