{"id":31,"date":"2016-04-21T18:45:09","date_gmt":"2016-04-21T16:45:09","guid":{"rendered":"http:\/\/www.gassenhuber.de\/kontingenz\/?page_id=31"},"modified":"2016-05-12T20:21:52","modified_gmt":"2016-05-12T18:21:52","slug":"themen","status":"publish","type":"page","link":"http:\/\/www.gassenhuber.de\/kontingenz\/themen\/","title":{"rendered":"Zentrale Themen"},"content":{"rendered":"<h4><span class=\"Text\">Zentrale Themen von Psychotherapie und Beratung<\/span><\/h4>\n<p><span class=\"Text\">Der ungarische Psychoanalytiker Michael Balint schreibt, es sei der gr\u00f6\u00dfte Wunsch eines jeden Menschen, verstanden zu werden. Wir wollen erkannt werden und mit anderen in einen tiefergehenden Kontakt gelangen. Dasselbe Thema existiert auch uns selbst gegen\u00fcber: Wir wollen wissen, wer wir sind und haben den Wunsch, mit uns selbst einverstanden zu sein. Unser Verhalten anderen gegen\u00fcber spiegelt dabei unseren Umgang mit uns selbst mehr oder weniger deutlich wieder.<\/span><br \/>\n<span class=\"Text\">Diese Verkn\u00fcpfung ist ein Dreh- und Angelpunkt in der Therapiesituation. Der Klient wird sich klarer dar\u00fcber, wie er anderen gegen\u00fcber handelt und auch klarer \u00fcber seine eigenen Anteile und W\u00fcnsche. Er lernt sich selbst besser kennen, erf\u00e4hrt neue M\u00f6glichkeiten und Potentiale und handelt dadurch auch gegen\u00fcber anderen und in der Welt erfolgversprechender und gl\u00fccksf\u00e4higer.<\/span><\/p>\n<p style=\"text-align: left;\"><span style=\"color: #4c4c4c;\"><a href=\"http:\/\/www.gassenhuber.de\/kontingenz\/gespraech\/\"><img loading=\"lazy\" decoding=\"async\" class=\"wp-image-312 size-full alignleft\" src=\"http:\/\/www.gassenhuber.de\/kontingenz\/wp-content\/uploads\/2016\/04\/gespraechm.jpg\" width=\"160\" height=\"90\" \/><\/a><span class=\"Text\"><a href=\"http:\/\/www.gassenhuber.de\/kontingenz\/gespraech\/\">Gespr\u00e4ch.<\/a> Ich arbeite mit den dialogischen Methoden der Gespr\u00e4chs- und der Gestalttherapie. Das therapeutische Gespr\u00e4ch und die pers\u00f6nliche Begegnung sind wirksame Mittel zur Linderung und Heilung von psychischen Problemen und Krankheiten. <a href=\"http:\/\/www.gassenhuber.de\/kontingenz\/gespraech\/\">&#8230;weiter<\/a><\/span><\/span><\/p>\n<p style=\"text-align: left;\"><a href=\"http:\/\/www.gassenhuber.de\/kontingenz\/individuation\/\"><img loading=\"lazy\" decoding=\"async\" class=\"wp-image-315 size-full alignleft\" src=\"http:\/\/www.gassenhuber.de\/kontingenz\/wp-content\/uploads\/2016\/04\/individuationm.jpg\" width=\"160\" height=\"90\" \/><\/a><span class=\"Text\"><a href=\"http:\/\/www.gassenhuber.de\/kontingenz\/individuation\/\">Individuation.\u00a0<\/a>Wir sind Sch\u00fcler, Liebende, Berufst\u00e4tige usw. Wir wandeln uns das Leben lang und m\u00fcssen uns immer wieder in ver\u00e4nderten sozialen Gemeinschaften zurechtfinden. Wieviel von uns und unseren W\u00fcnschen bringen wir ein? Wieviel von unseren Potentialen ist erw\u00fcnscht und wird gef\u00f6rdert? <a href=\"http:\/\/www.gassenhuber.de\/kontingenz\/individuation\/\">&#8230;weiter<\/a>\u00a0<\/span><\/p>\n<p style=\"text-align: left;\"><span class=\"Text\"><a href=\"http:\/\/www.gassenhuber.de\/kontingenz\/existenz\"><img loading=\"lazy\" decoding=\"async\" class=\"alignleft wp-image-318 size-full\" src=\"http:\/\/www.gassenhuber.de\/kontingenz\/wp-content\/uploads\/2016\/04\/existenzm.jpg\" width=\"160\" height=\"90\" \/><\/a><\/span><\/p>\n<p><span class=\"Text\"><a href=\"http:\/\/www.gassenhuber.de\/kontingenz\/existenz\/\">Existenz.<\/a> Von Viktor Frankl stammt der Satz \u201eWas der Mensch ist, ist er durch die Sache, die er zur seinen macht.\u201c Unsere Existenz h\u00e4ngt auch von dem ab, was wir w\u00e4hlen und verwerfen. Wie kommen wir zu richtigen Entscheidungen?<span style=\"color: #006039;\"> <a href=\"http:\/\/www.gassenhuber.de\/kontingenz\/existenz\/\">&#8230;weiter<\/a><\/span><\/span><\/p>\n<p style=\"text-align: left;\"><span class=\"Text\"><a href=\"http:\/\/www.gassenhuber.de\/kontingenz\/kontingenz\"><img loading=\"lazy\" decoding=\"async\" class=\"alignleft wp-image-313 size-full\" src=\"http:\/\/www.gassenhuber.de\/kontingenz\/wp-content\/uploads\/2016\/04\/kontingenzm.jpg\" width=\"159\" height=\"90\" \/><\/a><a href=\"http:\/\/www.gassenhuber.de\/kontingenz\/kontingenz\/\">Kontingenz.<\/a>\u00a0Bei diesem Thema geht es um unsere Grundstimmungen dem Leben gegen\u00fcber. Sind Wiederholungen des Alltags f\u00fcr uns erfreulich oder belastend, sehen wir vertrauensvoll in die Zukunft oder haben wir Angst vor Ver\u00e4nderungen?<span style=\"color: #006039;\"><a href=\"http:\/\/www.gassenhuber.de\/kontingenz\/kontingenz\/\"> &#8230;weiter<\/a><\/span><\/span><\/p>\n<p><span class=\"Text\"><a href=\"http:\/\/www.gassenhuber.de\/kontingenz\/humor\"><img loading=\"lazy\" decoding=\"async\" class=\"alignleft wp-image-316 size-full\" src=\"http:\/\/www.gassenhuber.de\/kontingenz\/wp-content\/uploads\/2016\/04\/humorm.jpg\" width=\"160\" height=\"90\" \/><\/a><a href=\"http:\/\/www.gassenhuber.de\/kontingenz\/humor\/\">Humor.<\/a>Im Humor werden Erstarrungen gelockert, werden Hintergr\u00fcnde sichtbar, sind wir geschmeidiger und flexibler. Humor ist ein Mittel und gleichzeitig ein Ziel der Therapie.\u00a0<\/span><span class=\"Text\"><a href=\"http:\/\/www.gassenhuber.de\/kontingenz\/humor\/\">&#8230;weiter<\/a><\/span><\/p>\n<p><span class=\"Text\"><a href=\"http:\/\/www.gassenhuber.de\/kontingenz\/praesenz\"><img loading=\"lazy\" decoding=\"async\" class=\"alignleft wp-image-319 size-full\" src=\"http:\/\/www.gassenhuber.de\/kontingenz\/wp-content\/uploads\/2016\/04\/praesenzm-1.jpg\" width=\"160\" height=\"90\" \/><\/a><a href=\"http:\/\/www.gassenhuber.de\/kontingenz\/praesenz\/\">Pr\u00e4senz. <\/a>Achtsamkeit, Gegenw\u00e4rtigkeit \u2013 was bei den Tieren so selbstverst\u00e4ndlich und leicht ist, ist f\u00fcr uns Menschen eine fortw\u00e4hrende Aufgabe. Wir leben und handeln in vielen Welten und wollen dennoch aus einer einzigen Mitte heraus agieren. <a href=\"http:\/\/www.gassenhuber.de\/kontingenz\/praesenz\/\">&#8230;weiter<\/a><\/span><\/p>\n<div class=\"Text\"><strong>Men\u00fc<\/strong><\/div>\n<ul class=\"Text\">\n<li>Zentrale Themen: <a href=\"http:\/\/www.gassenhuber.de\/kontingenz\/gespraech\/\">Gespr\u00e4ch<\/a>\u00a0\u2013\u00a0<a href=\"http:\/\/www.gassenhuber.de\/kontingenz\/individuation\/\">Individuation<\/a>\u00a0\u2013\u00a0<a href=\"http:\/\/www.gassenhuber.de\/kontingenz\/existenz\/\">Existenz<\/a>\u00a0\u2013\u00a0<a href=\"http:\/\/www.gassenhuber.de\/kontingenz\/kontingenz\/\">Kontingenz<\/a>\u00a0\u2013\u00a0<a href=\"http:\/\/www.gassenhuber.de\/kontingenz\/religion\/\">Religion<\/a>\u00a0\u2013\u00a0<a href=\"http:\/\/www.gassenhuber.de\/kontingenz\/humor\/\">Humor<\/a>\u00a0\u2013\u00a0<a href=\"http:\/\/www.gassenhuber.de\/kontingenz\/praesenz\/\">Pr\u00e4senz<\/a><\/li>\n<li>Therapie und Beratung: <a href=\"http:\/\/www.gassenhuber.de\/kontingenz\/psychotherapie-regensburg\/\">Einzelsitzungen Psychotherapie<\/a>\u00a0\u2013\u00a0<a href=\"http:\/\/www.gassenhuber.de\/kontingenz\/paare\/\">Paarberatung <\/a>\u00a0\u2013\u00a0<a href=\"http:\/\/www.gassenhuber.de\/kontingenz\/beratung\/\">Philosophische Beratung<\/a><\/li>\n<li><a href=\"http:\/\/www.gassenhuber.de\/kontingenz\/ueber-mich\/\">\u00dcber mich<\/a>\u00a0\u2013\u00a0<a href=\"http:\/\/www.gassenhuber.de\/kontingenz\/anfahrt\/\">Anfahrt <\/a>\u00a0\u2013\u00a0<a href=\"http:\/\/www.gassenhuber.de\/kontingenz\/wpmaterialien\/\">Materialien<\/a><\/li>\n<\/ul>\n","protected":false},"excerpt":{"rendered":"<p>Zentrale Themen von Psychotherapie und Beratung Der ungarische Psychoanalytiker Michael Balint schreibt, es sei der gr\u00f6\u00dfte Wunsch eines jeden Menschen, verstanden zu werden. Wir wollen erkannt werden und mit anderen in einen tiefergehenden Kontakt gelangen. Dasselbe Thema existiert auch uns selbst gegen\u00fcber: Wir wollen wissen, wer wir sind und haben den Wunsch, mit uns selbst &hellip; <a href=\"http:\/\/www.gassenhuber.de\/kontingenz\/themen\/\" class=\"more-link\"><span class=\"screen-reader-text\">Zentrale Themen<\/span> weiterlesen <span class=\"meta-nav\">&rarr;<\/span><\/a><\/p>\n","protected":false},"author":1,"featured_media":0,"parent":0,"menu_order":2,"comment_status":"closed","ping_status":"closed","template":"","meta":{"footnotes":""},"class_list":["post-31","page","type-page","status-publish","hentry"],"_links":{"self":[{"href":"http:\/\/www.gassenhuber.de\/kontingenz\/wp-json\/wp\/v2\/pages\/31"}],"collection":[{"href":"http:\/\/www.gassenhuber.de\/kontingenz\/wp-json\/wp\/v2\/pages"}],"about":[{"href":"http:\/\/www.gassenhuber.de\/kontingenz\/wp-json\/wp\/v2\/types\/page"}],"author":[{"embeddable":true,"href":"http:\/\/www.gassenhuber.de\/kontingenz\/wp-json\/wp\/v2\/users\/1"}],"replies":[{"embeddable":true,"href":"http:\/\/www.gassenhuber.de\/kontingenz\/wp-json\/wp\/v2\/comments?post=31"}],"version-history":[{"count":79,"href":"http:\/\/www.gassenhuber.de\/kontingenz\/wp-json\/wp\/v2\/pages\/31\/revisions"}],"predecessor-version":[{"id":706,"href":"http:\/\/www.gassenhuber.de\/kontingenz\/wp-json\/wp\/v2\/pages\/31\/revisions\/706"}],"wp:attachment":[{"href":"http:\/\/www.gassenhuber.de\/kontingenz\/wp-json\/wp\/v2\/media?parent=31"}],"curies":[{"name":"wp","href":"https:\/\/api.w.org\/{rel}","templated":true}]}}