{"id":23,"date":"2016-04-21T18:38:41","date_gmt":"2016-04-21T16:38:41","guid":{"rendered":"http:\/\/www.gassenhuber.de\/kontingenz\/?page_id=23"},"modified":"2022-11-15T20:43:32","modified_gmt":"2022-11-15T19:43:32","slug":"ueber-mich","status":"publish","type":"page","link":"http:\/\/www.gassenhuber.de\/kontingenz\/ueber-mich\/","title":{"rendered":"\u00dcber mich"},"content":{"rendered":"<p><a href=\"http:\/\/www.gassenhuber.de\/kontingenz\/wp-content\/uploads\/2016\/10\/gassenhuber2016r.jpg\"><img loading=\"lazy\" decoding=\"async\" class=\"alignnone wp-image-752 size-full\" src=\"http:\/\/www.gassenhuber.de\/kontingenz\/wp-content\/uploads\/2016\/10\/gassenhuber2016r.jpg\" width=\"189\" height=\"213\"><br \/>\n<\/a><span class=\"Text\">Rudolf Ga\u00dfenhuber, Dipl.-P\u00e4d.,<br \/>\n<\/span><span class=\"Text\">Heilpraktiker Psychotherapie,<br \/>\nverheiratet, ein erwachsener Sohn<\/span><\/p>\n<p><span class=\"Text\"><strong>Kontakt<br \/>\n<\/strong>Rudolf Ga\u00dfenhuber<br \/>\nWassergasse 10, IV. Stock<br \/>\n93059 Regensburg (Stadtamhof) <!-- Telefon 0941 \/ 54324 --><br \/>\n<span class=\"Text\"> <a href=\"http:\/\/www.kontingenztherapie.de\"><span style=\"color: #006039;\"> www.kontingenztherapie.de<\/span><\/a><\/span><br \/>\nUm einen Termin zu vereinbaren, schreiben Sie mir bitte ein E-Mail:<br \/>\n<span class=\"Text\"><a href=\"mailto:rudolf@gassenhuber.de\"><span style=\"color: #006039;\">rudolf@gassenhuber.de<\/span><\/a><\/span><\/span><\/p>\n<p><span class=\"Text\"><strong>Vita<br \/>\n<\/strong><\/span><span class=\"Text\">Ich f\u00fchle mich immer schon sowohl von den Natur- als auch von den Geisteswissenschaften angezogen. Ich habe P\u00e4dagogik, Psychologie und Philosophie studiert, am Lehrstuhl gearbeitet (bei Prof. Zellinger und Prof. Heid in Regensburg), hatte bald danach eine Schreinerei und Messebaufirma (1980-1986); habe dann das Programmieren f\u00fcr mich entdeckt, eine Softwarefirma gegr\u00fcndet (1986 bis heute, siehe <a href=\"http:\/\/www.gassenhuber.de\" target=\"_blank\" rel=\"noopener noreferrer\">www.gassenhuber.de<\/a>) und mich daneben immer mit Philosophie und Psychologie besch\u00e4ftigt; seit einigen Jahren arbeite ich auch als Psychotherapeut und phil. Gespr\u00e4chspartner.<\/span> <span class=\"Text\"> Diese Vielfalt meines T\u00e4tigkeitsfeldes ist mir oft hilfreich dabei, Menschen mit ihren besonderen Gedanken und Gef\u00fchlen zu verstehen, zu begleiten und zu unterst\u00fctzen.<\/span><\/p>\n<p><span class=\"Text\">\u201eLeben ist &#8230; was im Erleben und Verstehen gegeben ist &#8230; was dem Erleben zug\u00e4nglich ist &#8230; Es ist das von innen Bekannte.\u201c (Wilhelm Dilthey)<\/span><\/p>\n<p><span class=\"Text\">\u201eDas Universum besteht aus Geschichten, nicht aus Atomen.\u201c (Muriel Rukeyser)<\/span><\/p>\n<p><span class=\"Text\">\u201eDenn was uns letztlich am Leben erh\u00e4lt, ist diese F\u00e4higkeit, uns an etwas zu freuen, etwas mit Lust und Liebe zu tun, etwas zu lieben.\u201c (Fritz Riemann)<\/span><\/p>\n<p><a href=\"https:\/\/video.mittelbayerische.de\/region\/regensburg\/beziehung-hund-mensch-wird-in-der-pandemie-noch-wichtiger-23815-vid74333.html\" target=\"_blank\" rel=\"noopener noreferrer\"><img loading=\"lazy\" decoding=\"async\" src=\"http:\/\/www.gassenhuber.de\/kontingenz\/wp-content\/uploads\/2017\/04\/playvideo.png\" width=\"100\" height=\"100\"><br \/>\n<\/a><span class=\"Text\">Video der MZ zum Welthundetag 2020 mit Beitr\u00e4gen von mir.<br \/>\n<\/span><\/p>\n<p><span class=\"Text\"><strong>Verbindungen<\/strong><br \/>\n<a href=\"http:\/\/buber-gesellschaft.de\" target=\"_blank\" rel=\"noopener noreferrer\">Martin Buber-Gesellschaft<\/a><br \/>\n<a href=\"http:\/\/www.gnp-online.de\" target=\"_blank\" rel=\"noopener noreferrer\">Gesellschaft f\u00fcr Neue Ph\u00e4nomenologie<\/a><br \/>\n<a href=\"http:\/\/daf-focusing.de\" target=\"_blank\" rel=\"noopener noreferrer\">DAF Institut f\u00fcr Focusing<\/a><br \/>\n<a href=\"http:\/\/www.individualsystemik.com\" target=\"_blank\" rel=\"noopener noreferrer\">Institut f\u00fcr IndividualSystemik<\/a><br \/>\n<a href=\"http:\/\/www.thzm.de\" target=\"_blank\" rel=\"noopener noreferrer\">Trauma-Hilfe-Zentrum M\u00fcnchen<\/a><br \/>\n<a href=\"http:\/\/www.thzo.de\" target=\"_blank\" rel=\"noopener noreferrer\">Trauma-Hilfe-Zentrum Ostbayern<\/a><br \/>\n<a href=\"http:\/\/www.frank-staemmler.de\/www.frank-staemmler.de\/Zentrum_fur_Gestalttherapie.html\" target=\"_blank\" rel=\"noopener noreferrer\">Zentrum f\u00fcr Gestalttherapie<\/a><br \/>\n<a href=\"http:\/\/ag-kunsttherapie.de\" target=\"_blank\" rel=\"noopener noreferrer\">Arbeitsgruppe Kunsttherapie<\/a><br \/>\n<a href=\"http:\/\/www.isys-bayern.de\" target=\"_blank\" rel=\"noopener noreferrer\">Institut f\u00fcr systemische Supervision<\/a><br \/>\n<a href=\"http:\/\/www.fuermetz-coaching.de\" target=\"_blank\" rel=\"noopener noreferrer\">Coaching \u2013 Personalentwicklung<\/a><br \/>\n<a href=\"http:\/\/www.bayerische-akademie.eu\" target=\"_blank\" rel=\"noopener noreferrer\">Traumarbeit nach Ortrud Gr\u00f6n<\/a><\/span><\/p>\n<p><span class=\"Text\"><strong>Verzeichnisse<\/strong><br \/>\n<a href=\"http:\/\/www.philosophischepraxis.de\" target=\"_blank\" rel=\"noopener noreferrer\">Philosophischer Praxis Michael Niehaus<\/a><br \/>\n<a href=\"http:\/\/www.netzwerk-psychotherapie.de\" target=\"_blank\" rel=\"noopener noreferrer\">Netzwerk Psychotherapie<\/a><\/span><\/p>\n<div id=\"jameda-widget-container121932\" style=\"position: relative; width: 272px; height: 168px; margin: -5px 0 0 -5px; background-image: url('\/\/d1gm60ivvin8hd.cloudfront.net\/premium\/widgets\/_images\/top10-top20-bg.png'); background-repeat: no-repeat; font-family: Arial, Helvetica, sans-serif; font-size: 12px; line-height: 15px;\">\n<div style=\"position: absolute; top: 25px; left: 108px; width: 148px; height: 58px; overflow: hidden;\"><a style=\"font-size: 15px; line-height: 18px; font-weight: bold; color: #01a3d4; text-decoration: none; border: 0px;\" href=\"http:\/\/www.jameda.de\/regensburg\/heilpraktiker\/psychotherapie\/dipl-paed-rudolf-gassenhuber\/uebersicht\/81302072_1\/?utm_content=Top10-06%2F2015&amp;utm_source=Kunden-Homepages&amp;utm_medium=Badges&amp;utm_term=81302072&amp;utm_campaign=Badges\" target=\"_blank\" rel=\"noopener noreferrer\">Dipl.-P\u00e4d. Rudolf Ga\u00dfenhuber<\/a><\/div>\n<div style=\"position: absolute; top: 111px; left: 108px; width: 152px; height: 40px; overflow: hidden; font-size: 11px; line-height: 13px;\"><a class=\"jam_link_check\" style=\"color: #888; text-decoration: none; border: 0px; background-color: transparent !important;\" href=\"http:\/\/www.jameda.de\/regensburg\/psychotherapeuten-psychologen\/gruppe\/?utm_content=Top10-06%2F2015&amp;utm_source=Kunden-Homepages&amp;utm_medium=Badges&amp;utm_term=81302072&amp;utm_campaign=Badges\" target=\"_blank\" rel=\"noopener noreferrer\"><strong>Psychotherapeuten &amp; Psychologen<\/strong> in Regensburg<\/a><\/div>\n<\/div>\n<div class=\"Text\"><strong>Men\u00fc<\/strong><\/div>\n<ul class=\"Text\">\n<li>Zentrale Themen: <a href=\"http:\/\/www.gassenhuber.de\/kontingenz\/gespraech\/\">Gespr\u00e4ch<\/a>&nbsp;\u2013&nbsp;<a href=\"http:\/\/www.gassenhuber.de\/kontingenz\/individuation\/\">Individuation<\/a>&nbsp;\u2013&nbsp;<a href=\"http:\/\/www.gassenhuber.de\/kontingenz\/existenz\/\">Existenz<\/a>&nbsp;\u2013&nbsp;<a href=\"http:\/\/www.gassenhuber.de\/kontingenz\/kontingenz\/\">Kontingenz<\/a>&nbsp;\u2013&nbsp;<a href=\"http:\/\/www.gassenhuber.de\/kontingenz\/religion\/\">Religion<\/a>&nbsp;\u2013&nbsp;<a href=\"http:\/\/www.gassenhuber.de\/kontingenz\/humor\/\">Humor<\/a>&nbsp;\u2013&nbsp;<a href=\"http:\/\/www.gassenhuber.de\/kontingenz\/praesenz\/\">Pr\u00e4senz<\/a><\/li>\n<li>Therapie und Beratung: <a href=\"http:\/\/www.gassenhuber.de\/kontingenz\/psychotherapie-regensburg\/\">Einzelsitzungen Psychotherapie<\/a>&nbsp;\u2013&nbsp;<a href=\"http:\/\/www.gassenhuber.de\/kontingenz\/paare\/\">Paarberatung <\/a>&nbsp;\u2013&nbsp;<a href=\"http:\/\/www.gassenhuber.de\/kontingenz\/beratung\/\">Philosophische Beratung<\/a><\/li>\n<li><a href=\"http:\/\/www.gassenhuber.de\/kontingenz\/ueber-mich\/\">\u00dcber mich<\/a>&nbsp;\u2013&nbsp;<a href=\"http:\/\/www.gassenhuber.de\/kontingenz\/anfahrt\/\">Anfahrt <\/a>&nbsp;\u2013&nbsp;<a href=\"http:\/\/www.gassenhuber.de\/kontingenz\/wpmaterialien\/\">Materialien<\/a><\/li>\n<\/ul>\n","protected":false},"excerpt":{"rendered":"<p>Rudolf Ga\u00dfenhuber, Dipl.-P\u00e4d., Heilpraktiker Psychotherapie, verheiratet, ein erwachsener Sohn Kontakt Rudolf Ga\u00dfenhuber Wassergasse 10, IV. Stock 93059 Regensburg (Stadtamhof) www.kontingenztherapie.de Um einen Termin zu vereinbaren, schreiben Sie mir bitte ein E-Mail: rudolf@gassenhuber.de Vita Ich f\u00fchle mich immer schon sowohl von den Natur- als auch von den Geisteswissenschaften angezogen. Ich habe P\u00e4dagogik, Psychologie und Philosophie studiert, &hellip; <a href=\"http:\/\/www.gassenhuber.de\/kontingenz\/ueber-mich\/\" class=\"more-link\"><span class=\"screen-reader-text\">\u00dcber mich<\/span> weiterlesen <span class=\"meta-nav\">&rarr;<\/span><\/a><\/p>\n","protected":false},"author":1,"featured_media":0,"parent":0,"menu_order":11,"comment_status":"closed","ping_status":"closed","template":"","meta":{"footnotes":""},"class_list":["post-23","page","type-page","status-publish","hentry"],"_links":{"self":[{"href":"http:\/\/www.gassenhuber.de\/kontingenz\/wp-json\/wp\/v2\/pages\/23"}],"collection":[{"href":"http:\/\/www.gassenhuber.de\/kontingenz\/wp-json\/wp\/v2\/pages"}],"about":[{"href":"http:\/\/www.gassenhuber.de\/kontingenz\/wp-json\/wp\/v2\/types\/page"}],"author":[{"embeddable":true,"href":"http:\/\/www.gassenhuber.de\/kontingenz\/wp-json\/wp\/v2\/users\/1"}],"replies":[{"embeddable":true,"href":"http:\/\/www.gassenhuber.de\/kontingenz\/wp-json\/wp\/v2\/comments?post=23"}],"version-history":[{"count":121,"href":"http:\/\/www.gassenhuber.de\/kontingenz\/wp-json\/wp\/v2\/pages\/23\/revisions"}],"predecessor-version":[{"id":1072,"href":"http:\/\/www.gassenhuber.de\/kontingenz\/wp-json\/wp\/v2\/pages\/23\/revisions\/1072"}],"wp:attachment":[{"href":"http:\/\/www.gassenhuber.de\/kontingenz\/wp-json\/wp\/v2\/media?parent=23"}],"curies":[{"name":"wp","href":"https:\/\/api.w.org\/{rel}","templated":true}]}}