{"id":21,"date":"2016-04-21T18:38:33","date_gmt":"2016-04-21T16:38:33","guid":{"rendered":"http:\/\/www.gassenhuber.de\/kontingenz\/?page_id=21"},"modified":"2023-03-20T15:09:37","modified_gmt":"2023-03-20T14:09:37","slug":"psychotherapie-regensburg","status":"publish","type":"page","link":"http:\/\/www.gassenhuber.de\/kontingenz\/psychotherapie-regensburg\/","title":{"rendered":"Psychotherapie"},"content":{"rendered":"<p><span class=\"Text\">Heilpraktiker f\u00fcr Psychotherapie Regensburg \u2014 Rudolf Ga\u00dfenhuber<\/span><\/p>\n<p><a href=\"http:\/\/www.gassenhuber.de\/kontingenz\/\"><img loading=\"lazy\" decoding=\"async\" class=\"alignnone wp-image-60 size-full\" title=\"Psychotherapie Regensburg\" src=\"http:\/\/www.gassenhuber.de\/kontingenz\/wp-content\/uploads\/2016\/04\/gewohnheit.jpg\" alt=\"Psychotherapie Regensburg\" width=\"361\" height=\"500\" srcset=\"http:\/\/www.gassenhuber.de\/kontingenz\/wp-content\/uploads\/2016\/04\/gewohnheit.jpg 361w, http:\/\/www.gassenhuber.de\/kontingenz\/wp-content\/uploads\/2016\/04\/gewohnheit-217x300.jpg 217w\" sizes=\"(max-width: 361px) 100vw, 361px\" \/><\/a><\/p>\n<p><span class=\"genehm\">\u201eGewohnheit\u201c \u2014 mit freundlicher Genehmigung von Aytur Sahinbay<\/span><\/p>\n<div class=\"Text\"><strong>Therapie\/psychologische Beratung<\/strong><br \/>\nRufen Sie mich an f\u00fcr ein Kennenlerngespr\u00e4ch, Telefon 0941\/54324 oder schreiben Sie mir ein E-Mail: <a href=\"mailto:rudolf@gassenhuber.de\">rudolf@gassenhuber.de<\/a> Sie erhalten kurzfristig einen Termin.<\/div>\n<ul>\n<li><span class=\"Text\">Einzelstunden Psychotherapie\/Beratung in Regensburg, Stadtamhof,<br \/>\nDauer: 50\u201460 Min., H\u00e4ufigkeit: anfangs w\u00f6chentlich.<\/span><\/li>\n<li><span class=\"Text\"><a href=\"http:\/\/www.gassenhuber.de\/kontingenz\/paare\/\">Paarberatung<\/a>, &nbsp;Dauer ca. 90 Min., Dauer und H\u00e4ufigkeit nach Bedarf.<\/span><\/li>\n<\/ul>\n<p><span class=\"Text\"><strong>Schnelle Hilfe, nachhaltige Besserung d\u00fcrfen Sie erwarten<\/strong> bei Ersch\u00f6pfung, Burnout, \u00dcberforderung, Verbitterung, Gef\u00fchl von Leere, Trauer,<\/span>&nbsp;<span class=\"Text\">bei \u00c4ngsten, wie Pr\u00fcfungsangst, Angst vor Besch\u00e4mung, Versagen, Schuld,<\/span>&nbsp;<span class=\"Text\">bei leichteren Bindungsst\u00f6rungen, Selbstwert- und Kontaktproblemen, Beziehungsproblemen<\/span>&nbsp;<span class=\"Text\">bei allgemeinen seelischen Problemen und Lebensproblemen, <strong> mittelfristige Besserung<\/strong> bei psychosomatischen Beschwerden, Zw\u00e4ngen, Sucht, bei Borderline- und E\u00dfst\u00f6rungen, Gef\u00fchlsverlust, tieferen Traumen und Gewalterfahrungen, Depression, bei tiefergehenden Beziehungsproblemen, Verstrickungen.<\/span><\/p>\n<p><span class=\"Text\"><strong>Verwendete Therapieverfahren<br \/>\n<\/strong><\/span><span class=\"Text\">Focusing. Focusing ist eine Schule der Wahrnehmung. Wir lernen unsere wirklicheren Bed\u00fcrfnisse und Empfindungen aufzusp\u00fcren, unsere &#8222;geheimen&#8220; W\u00fcnsche, die sich oft hinter einem ersten starken Gef\u00fchl verbergen.<\/span><\/p>\n<p><span class=\"Text\">Gestalttherapie. Mit gestalttherapeutischen Methoden versuchen wir &#8222;offene Rechnungen&#8220;, alte ungel\u00f6ste Probleme wahrzunehmen und aufzul\u00f6sen. Offene, noch unabgeschlossene Themen besch\u00e4ftigen uns oft insgeheim oder &#8222;g\u00e4rend&#8220; und binden eine Menge an Lebensenergie in unfruchtbarer Weise.<\/span><\/p>\n<p><span class=\"Text\">In der systemische Arbeit befassen wir uns mit unseren verschiedenen inneren Anteilen. Jeder kennt die &#8222;Stimme des Gewissens&#8220;. In \u00e4hnlicher Weise k\u00f6nnen wir unsere verschiedenen Seiten (wie freundlich, streitlustig, kindlich, \u00e4ngstlich usw.) als Stimmen in einem inneren Parlament begreifen. Alle diese Anteile wollen geh\u00f6rt werden und auf ihre Weise zu ihrem Recht kommen.<\/span><\/p>\n<p><span class=\"Text\">Gespr\u00e4chstherapie. Bei allem Suchen, Forschen und Nachsp\u00fcren darf die Beziehung zwischen Therapeut und Klient nicht in Vergessenheit geraten. Immer wieder kehren wir in der Sitzung in die konkrete Gegenwart zur\u00fcck: hier begegnen sich zwei Menschen.<\/span><\/p>\n<p><span class=\"Text\">Tiefenpsychologie. Mit &#8222;Tiefe&#8220; sind hier alte, selbstverst\u00e4ndlich gewordene Denk- und F\u00fchlmuster gemeint. Der Weg zu ihrem Verst\u00e4ndnis f\u00fchrt oft, aber nicht zwingend, in die Kindheit zur\u00fcck. Als Kinder haben wir gelernt, manches nicht zu f\u00fchlen, nicht zu merken. Das Nicht-Wahrnehmen von &#8230; war damals eine gute L\u00f6sung. Die &#8222;L\u00f6sungen&#8220; von damals sind heute nicht mehr die bestm\u00f6glichen. Neue L\u00f6sungen lassen uns empfindungsreicher und lebendiger werden.<\/span><\/p>\n<div class=\"Text\"><strong>Kosten und Kosten\u00fcbernahme&nbsp;<\/strong><\/div>\n<ul class=\"Text\">\n<li>Einzelstunde, 50\u201460 Min., 80,\u2013 \u20ac<\/li>\n<li>Paarberatung, ca. 90 Minuten, 140,\u2013 \u20ac<\/li>\n<\/ul>\n<p><span class=\"Text\">Wer die Kosten selbst tr\u00e4gt hat mehrere Vorteile, siehe <a href=\"http:\/\/www.gassenhuber.de\/kontingenz\/selbst-bezahlen\/\" name=\"selbst-bezahlen\">Vorteile f\u00fcr Selbstzahler.<\/a> Eine Kostenerstattung f\u00fcr Psychotherapie durch die gesetzlichen Krankenkassen ist auf Antrag unter Umst\u00e4nden m\u00f6glich, siehe <a href=\"http:\/\/www.gassenhuber.de\/kontingenz\/kostenerstattung\/\" name=\"kostenerstattung\">Leitfaden Kostenerstattung<\/a>. Heilpraktikerversicherungen oder Krankenzusatzversicherungen f\u00fcr Heilpraktiker k\u00f6nnen die Kosten \u00fcbernehmen, siehe <a href=\"http:\/\/www.gassenhuber.de\/kontingenz\/hpversicherung\/\" name=\"hpversicherung\">Leitfaden Heilpraktikerversicherung<\/a>. Viele Privatkassen erstatten die Kosten f\u00fcr Psychotherapie nach dem Geb\u00fchrenverzeichnis f\u00fcr Heilpraktiker (Geb\u00fcH 19).<\/span><\/p>\n<div class=\"Text\"><strong>Hilfsangebote anderer Stellen<\/strong><\/div>\n<ul class=\"Text\">\n<li>Ich suche eine Selbsthilfegruppe (im Raum Regensburg gibt es \u00fcber 400), mit Online-Suchfunktion: <a href=\"https:\/\/www.kiss-regensburg.de\/gruppe-finden\/\">KISS Kontakt- und Informationsstelle f\u00fcr Selbsthilfegruppen<\/a><\/li>\n<li>Ich suche eine Beratungsstelle (im Raum Regensburg gibt es \u00fcber 70), mit Online-Suchfunktion: <a href=\"http:\/\/www.dajeb.de\">DAJEB<\/a><\/li>\n<li>Anonyme, kostenlose Beratung der beiden christlichen Kirchen rund um die Uhr:<a href=\"http:\/\/www.telefonseelsorge.de\">Telefonseelsorge<\/a><\/li>\n<li>Kostenlose Hilfe in suizidalen Krisen:<a href=\"https:\/\/www.caritas-regensburg.de\/horizont\">Krisendienst Horizont<\/a><\/li>\n<\/ul>\n<div class=\"Text\"><strong>Men\u00fc<\/strong><\/div>\n<ul class=\"Text\">\n<li>Zentrale Themen: <a href=\"http:\/\/www.gassenhuber.de\/kontingenz\/gespraech\/\">Gespr\u00e4ch<\/a>&nbsp;\u2013&nbsp;<a href=\"http:\/\/www.gassenhuber.de\/kontingenz\/individuation\/\">Individuation<\/a>&nbsp;\u2013&nbsp;<a href=\"http:\/\/www.gassenhuber.de\/kontingenz\/existenz\/\">Existenz<\/a>&nbsp;\u2013&nbsp;<a href=\"http:\/\/www.gassenhuber.de\/kontingenz\/kontingenz\/\">Kontingenz<\/a>&nbsp;\u2013&nbsp;<a href=\"http:\/\/www.gassenhuber.de\/kontingenz\/religion\/\">Religion<\/a>&nbsp;\u2013&nbsp;<a href=\"http:\/\/www.gassenhuber.de\/kontingenz\/humor\/\">Humor<\/a>&nbsp;\u2013&nbsp;<a href=\"http:\/\/www.gassenhuber.de\/kontingenz\/praesenz\/\">Pr\u00e4senz<\/a><\/li>\n<li>Therapie und Beratung: <a href=\"http:\/\/www.gassenhuber.de\/kontingenz\/psychotherapie-regensburg\/\">Einzelsitzungen Psychotherapie<\/a>&nbsp;\u2013&nbsp;<a href=\"http:\/\/www.gassenhuber.de\/kontingenz\/paare\/\">Paarberatung <\/a>&nbsp;\u2013&nbsp;<a href=\"http:\/\/www.gassenhuber.de\/kontingenz\/beratung\/\">Philosophische Beratung<\/a><\/li>\n<li><a href=\"http:\/\/www.gassenhuber.de\/kontingenz\/ueber-mich\/\">\u00dcber mich<\/a>&nbsp;\u2013&nbsp;<a href=\"http:\/\/www.gassenhuber.de\/kontingenz\/anfahrt\/\">Anfahrt <\/a>&nbsp;\u2013&nbsp;<a href=\"http:\/\/www.gassenhuber.de\/kontingenz\/wpmaterialien\/\">Materialien<\/a><\/li>\n<\/ul>\n","protected":false},"excerpt":{"rendered":"<p>Heilpraktiker f\u00fcr Psychotherapie Regensburg \u2014 Rudolf Ga\u00dfenhuber \u201eGewohnheit\u201c \u2014 mit freundlicher Genehmigung von Aytur Sahinbay Therapie\/psychologische Beratung Rufen Sie mich an f\u00fcr ein Kennenlerngespr\u00e4ch, Telefon 0941\/54324 oder schreiben Sie mir ein E-Mail: rudolf@gassenhuber.de Sie erhalten kurzfristig einen Termin. Einzelstunden Psychotherapie\/Beratung in Regensburg, Stadtamhof, Dauer: 50\u201460 Min., H\u00e4ufigkeit: anfangs w\u00f6chentlich. Paarberatung, &nbsp;Dauer ca. 90 Min., Dauer &hellip; <a href=\"http:\/\/www.gassenhuber.de\/kontingenz\/psychotherapie-regensburg\/\" class=\"more-link\"><span class=\"screen-reader-text\">Psychotherapie<\/span> weiterlesen <span class=\"meta-nav\">&rarr;<\/span><\/a><\/p>\n","protected":false},"author":1,"featured_media":0,"parent":0,"menu_order":10,"comment_status":"closed","ping_status":"closed","template":"","meta":{"footnotes":""},"class_list":["post-21","page","type-page","status-publish","hentry"],"_links":{"self":[{"href":"http:\/\/www.gassenhuber.de\/kontingenz\/wp-json\/wp\/v2\/pages\/21"}],"collection":[{"href":"http:\/\/www.gassenhuber.de\/kontingenz\/wp-json\/wp\/v2\/pages"}],"about":[{"href":"http:\/\/www.gassenhuber.de\/kontingenz\/wp-json\/wp\/v2\/types\/page"}],"author":[{"embeddable":true,"href":"http:\/\/www.gassenhuber.de\/kontingenz\/wp-json\/wp\/v2\/users\/1"}],"replies":[{"embeddable":true,"href":"http:\/\/www.gassenhuber.de\/kontingenz\/wp-json\/wp\/v2\/comments?post=21"}],"version-history":[{"count":112,"href":"http:\/\/www.gassenhuber.de\/kontingenz\/wp-json\/wp\/v2\/pages\/21\/revisions"}],"predecessor-version":[{"id":1084,"href":"http:\/\/www.gassenhuber.de\/kontingenz\/wp-json\/wp\/v2\/pages\/21\/revisions\/1084"}],"wp:attachment":[{"href":"http:\/\/www.gassenhuber.de\/kontingenz\/wp-json\/wp\/v2\/media?parent=21"}],"curies":[{"name":"wp","href":"https:\/\/api.w.org\/{rel}","templated":true}]}}