{"id":19,"date":"2016-04-21T18:38:20","date_gmt":"2016-04-21T16:38:20","guid":{"rendered":"http:\/\/www.gassenhuber.de\/kontingenz\/?page_id=19"},"modified":"2016-04-30T21:32:46","modified_gmt":"2016-04-30T19:32:46","slug":"praesenz","status":"publish","type":"page","link":"http:\/\/www.gassenhuber.de\/kontingenz\/praesenz\/","title":{"rendered":"&#8211; Pr\u00e4senz"},"content":{"rendered":"<figure id=\"attachment_57\" aria-describedby=\"caption-attachment-57\" style=\"width: 356px\" class=\"wp-caption alignnone\"><a href=\"http:\/\/www.gassenhuber.de\/kontingenz\/\"><img loading=\"lazy\" decoding=\"async\" class=\"wp-image-57 size-full\" src=\"http:\/\/www.gassenhuber.de\/kontingenz\/wp-content\/uploads\/2016\/04\/praesenz.jpg\" alt=\"Mit freundlicher Erlaubnis von Ernst Mattiello\" width=\"356\" height=\"500\" srcset=\"http:\/\/www.gassenhuber.de\/kontingenz\/wp-content\/uploads\/2016\/04\/praesenz.jpg 356w, http:\/\/www.gassenhuber.de\/kontingenz\/wp-content\/uploads\/2016\/04\/praesenz-214x300.jpg 214w\" sizes=\"(max-width: 356px) 100vw, 356px\" \/><\/a><figcaption id=\"caption-attachment-57\" class=\"wp-caption-text\"><span style=\"font-size: 10pt;\"><em><span class=\"genehm\">Mit freundlicher Erlaubnis von <span style=\"color: #006039;\"><a style=\"color: #006039;\" href=\"http:\/\/www.mattiello.ch\" target=\"_blank\">Ernst Mattiello<\/a><\/span><\/span><\/em><\/span><\/figcaption><\/figure>\n<p><span style=\"font-size: 12pt;\">Wer bin ich?<\/span><br \/>\n<span style=\"font-size: 12pt;\"> Ein lebendiges Zentrum eigener Aktivit\u00e4t \u2013 das sagt man so leicht.<\/span><br \/>\n<span style=\"font-size: 12pt;\"> Aber manchmal f\u00fchlt es sich garnicht so an. Man sp\u00fcrt seine eigenen Bed\u00fcrfnisse nicht schnell und deutlich genug oder man hat nicht die rechte Sicherheit, sie auszudr\u00fccken. Man funktioniert noch, aber es kommt irgendwie nicht mehr von innen. Das eigene Erleben und das Erleben des eigenen Umfelds ist aus dem Gleichgewicht geraten, ist verstimmt, ist nicht mehr in Resonanz.<\/span><br \/>\n<span style=\"font-size: 12pt;\"> Es gibt diverse W\u00f6rter und Bilder, die versuchen, Pr\u00e4senz zu beschreiben:<\/span><br \/>\n<span style=\"font-size: 12pt;\"> \u2014 &#8222;in Resonanz mit sich und seiner Umgebung sein&#8220;,<\/span><br \/>\n<span style=\"font-size: 12pt;\"> \u2014 &#8222;in Kontakt sein \u2013 nach Innen und nach Au\u00dfen&#8220;,<\/span><br \/>\n<span style=\"font-size: 12pt;\"> \u2014 &#8222;dem Anderen begegnen&#8220;,<\/span><br \/>\n<span style=\"font-size: 12pt;\"> \u2014 &#8222;achtsam sein&#8220;, &#8222;gewahrsam sein&#8220;, &#8222;im Flow sein&#8220;,<\/span><br \/>\n<span style=\"font-size: 12pt;\"> \u2014 &#8222;ein Gesp\u00fcr f\u00fcr Atmosph\u00e4re und Stimmung besitzen&#8220;.<\/span><\/p>\n<p><span style=\"font-size: 12pt;\">Wenn wir pr\u00e4sent sind, sind wir jedenfalls nicht nur in einer Rolle, nur ein sachlicher Tr\u00e4ger einer Funktion, sondern auch pers\u00f6nlich anwesend. Und wir machen uns dabei weder zu gro\u00df (&#8222;Niemand kann mich verletzen!&#8220;) noch zu klein (&#8222;Ich tu Dir nichts, tu Du mir auch nichts.&#8220;), sondern sind den anderen ein m\u00f6gliches Gegen\u00fcber. Wir sind in der Lage und vielleicht auch bereit, in Kontakt, in Resonanz zu gehen. Man bewegt und wird bewegt, man co-moduliert die Situation, ohne sie nur zu kontrollieren \u2014 und ohne sich unsichtbar zu machen.<\/span><\/p>\n<p><span class=\"Text\"><strong>Zentrale Themen<\/strong><\/span><br \/>\n<span class=\"Text\"><a href=\"http:\/\/www.gassenhuber.de\/kontingenz\/gespraech\/\">Gespr\u00e4ch<\/a>\u00a0\u2013\u00a0<a href=\"http:\/\/www.gassenhuber.de\/kontingenz\/individuation\/\">Individuation<\/a>\u00a0\u2013\u00a0<a href=\"http:\/\/www.gassenhuber.de\/kontingenz\/existenz\/\">Existenz<\/a>\u00a0\u2013\u00a0<a href=\"http:\/\/www.gassenhuber.de\/kontingenz\/kontingenz\/\">Kontingenz<\/a>\u00a0\u2013\u00a0<a href=\"http:\/\/www.gassenhuber.de\/kontingenz\/religion\/\">Religion<\/a>\u00a0\u2013\u00a0<a href=\"http:\/\/www.gassenhuber.de\/kontingenz\/humor\/\">Humor<\/a>\u00a0\u2013\u00a0<a href=\"http:\/\/www.gassenhuber.de\/kontingenz\/praesenz\/\">Pr\u00e4senz<\/a><\/span><\/p>\n","protected":false},"excerpt":{"rendered":"<p>Wer bin ich? Ein lebendiges Zentrum eigener Aktivit\u00e4t \u2013 das sagt man so leicht. Aber manchmal f\u00fchlt es sich garnicht so an. Man sp\u00fcrt seine eigenen Bed\u00fcrfnisse nicht schnell und deutlich genug oder man hat nicht die rechte Sicherheit, sie auszudr\u00fccken. Man funktioniert noch, aber es kommt irgendwie nicht mehr von innen. Das eigene Erleben &hellip; <a href=\"http:\/\/www.gassenhuber.de\/kontingenz\/praesenz\/\" class=\"more-link\"><span class=\"screen-reader-text\">&#8211; Pr\u00e4senz<\/span> weiterlesen <span class=\"meta-nav\">&rarr;<\/span><\/a><\/p>\n","protected":false},"author":1,"featured_media":0,"parent":0,"menu_order":9,"comment_status":"closed","ping_status":"closed","template":"","meta":{"footnotes":""},"class_list":["post-19","page","type-page","status-publish","hentry"],"_links":{"self":[{"href":"http:\/\/www.gassenhuber.de\/kontingenz\/wp-json\/wp\/v2\/pages\/19"}],"collection":[{"href":"http:\/\/www.gassenhuber.de\/kontingenz\/wp-json\/wp\/v2\/pages"}],"about":[{"href":"http:\/\/www.gassenhuber.de\/kontingenz\/wp-json\/wp\/v2\/types\/page"}],"author":[{"embeddable":true,"href":"http:\/\/www.gassenhuber.de\/kontingenz\/wp-json\/wp\/v2\/users\/1"}],"replies":[{"embeddable":true,"href":"http:\/\/www.gassenhuber.de\/kontingenz\/wp-json\/wp\/v2\/comments?post=19"}],"version-history":[{"count":8,"href":"http:\/\/www.gassenhuber.de\/kontingenz\/wp-json\/wp\/v2\/pages\/19\/revisions"}],"predecessor-version":[{"id":514,"href":"http:\/\/www.gassenhuber.de\/kontingenz\/wp-json\/wp\/v2\/pages\/19\/revisions\/514"}],"wp:attachment":[{"href":"http:\/\/www.gassenhuber.de\/kontingenz\/wp-json\/wp\/v2\/media?parent=19"}],"curies":[{"name":"wp","href":"https:\/\/api.w.org\/{rel}","templated":true}]}}