{"id":17,"date":"2016-04-21T18:38:12","date_gmt":"2016-04-21T16:38:12","guid":{"rendered":"http:\/\/www.gassenhuber.de\/kontingenz\/?page_id=17"},"modified":"2016-05-04T13:24:18","modified_gmt":"2016-05-04T11:24:18","slug":"humor","status":"publish","type":"page","link":"http:\/\/www.gassenhuber.de\/kontingenz\/humor\/","title":{"rendered":"&#8211; Humor"},"content":{"rendered":"<figure id=\"attachment_58\" aria-describedby=\"caption-attachment-58\" style=\"width: 600px\" class=\"wp-caption alignnone\"><a href=\"http:\/\/www.gassenhuber.de\/kontingenz\/\"><img loading=\"lazy\" decoding=\"async\" class=\"wp-image-58 size-full\" src=\"http:\/\/www.gassenhuber.de\/kontingenz\/wp-content\/uploads\/2016\/04\/humor.jpg\" alt=\"Mit freundlicher Genehmigung von Reiner Schwalme\" width=\"600\" height=\"418\" srcset=\"http:\/\/www.gassenhuber.de\/kontingenz\/wp-content\/uploads\/2016\/04\/humor.jpg 600w, http:\/\/www.gassenhuber.de\/kontingenz\/wp-content\/uploads\/2016\/04\/humor-300x209.jpg 300w\" sizes=\"(max-width: 600px) 100vw, 600px\" \/><\/a><figcaption id=\"caption-attachment-58\" class=\"wp-caption-text\"><em><span class=\"genehm\" style=\"font-size: 10pt;\">Mit freundlicher Genehmigung von <span style=\"color: #006039;\"><a style=\"color: #006039;\" href=\"http:\/\/www.schwalme.de\" target=\"_blank\">Reiner Schwalme<\/a><\/span><\/span><\/em><\/figcaption><\/figure>\n<p><span class=\"Text\">Humor geh\u00f6rt zu den Dingen im Leben, die das Leben lebenswert machen. Gleichzeitig ist Humorf\u00e4higkeit ein Gradmesser unseres Wohlbefindens. Wenn wir dar\u00fcber Lachen oder L\u00e4cheln k\u00f6nnen, dann ist die Trauer am Abklingen, die Souver\u00e4nit\u00e4t wiedergewonnen oder die dicke Luft hat sich verzogen.<\/span><\/p>\n<p><span class=\"Text\">Und Humor ist ein wichtiges Ferment im therapeutischen Proze\u00df. Humor trainiert Gesp\u00fcr und Sensibilit\u00e4t. Humor ist ein Modell f\u00fcr Resonanz und das Bewu\u00dftwerden von (anderen) Wirklichkeiten, ein Modell f\u00fcr Flexibilit\u00e4t und Kreativit\u00e4t. <span style=\"text-decoration: underline;\"><a href=\"http:\/\/www.gassenhuber.de\/kontingenz\/humortheorie\/\"><span style=\"color: #006039; text-decoration: underline;\">&#8230; mehr zum Humor<\/span><\/a><\/span><\/span><\/p>\n<p><em><span class=\"Text\">Anfrage an Radio Eriwan:<\/span><\/em><br \/>\n<span class=\"Text\"> Stimmt es, dass Iwan Iwanowitsch in der Lotterie ein rotes Auto gewonnen hat?<\/span><br \/>\n<em><span class=\"Text\"> Antwort:<\/span><\/em><br \/>\n<span class=\"Text\"> Im Prinzip ja.<\/span><br \/>\n<span class=\"Text\"> Aber es war nicht Iwan Iwanowitsch, sondern Pjotr Petrowitsch.<\/span><br \/>\n<span class=\"Text\"> Und es war kein Auto, sondern ein Fahrrad.<\/span><br \/>\n<span class=\"Text\"> Und er hat es nicht gewonnen, sondern es ist ihm gestohlen worden.<\/span><br \/>\n<span class=\"Text\"> Alles andere stimmt.<\/span><\/p>\n<p><em><span class=\"Text\">Anfrage an Radio Eriwan:<\/span><\/em><br \/>\n<span class=\"Text\"> \u201eLiegen denn die amerikanischen Wissenschaftler, die behaupten, die Zukunft sei unvorhersehbar, vollkommen daneben?\u201c<\/span><br \/>\n<em><span class=\"Text\"> Antwort:<\/span><\/em><br \/>\n<span class=\"Text\"> \u201eDie amerikanischen Genossen Wissenschaftler liegen vollkommen daneben, denn die Zukunft entspricht exakt dem F\u00fcnfjahresplan. Nur die Vergangenheit ist unvorhersehbar.\u201c<\/span><\/p>\n<p><span class=\"Text\"><strong>Zentrale Themen<\/strong><\/span><br \/>\n<span class=\"Text\"><a href=\"http:\/\/www.gassenhuber.de\/kontingenz\/gespraech\/\">Gespr\u00e4ch<\/a>\u00a0\u2013\u00a0<a href=\"http:\/\/www.gassenhuber.de\/kontingenz\/individuation\/\">Individuation<\/a>\u00a0\u2013\u00a0<a href=\"http:\/\/www.gassenhuber.de\/kontingenz\/existenz\/\">Existenz<\/a>\u00a0\u2013\u00a0<a href=\"http:\/\/www.gassenhuber.de\/kontingenz\/kontingenz\/\">Kontingenz<\/a>\u00a0\u2013\u00a0<a href=\"http:\/\/www.gassenhuber.de\/kontingenz\/religion\/\">Religion<\/a>\u00a0\u2013\u00a0<a href=\"http:\/\/www.gassenhuber.de\/kontingenz\/humor\/\">Humor<\/a>\u00a0\u2013\u00a0<a href=\"http:\/\/www.gassenhuber.de\/kontingenz\/praesenz\/\">Pr\u00e4senz<\/a><\/span><\/p>\n","protected":false},"excerpt":{"rendered":"<p>Humor geh\u00f6rt zu den Dingen im Leben, die das Leben lebenswert machen. Gleichzeitig ist Humorf\u00e4higkeit ein Gradmesser unseres Wohlbefindens. Wenn wir dar\u00fcber Lachen oder L\u00e4cheln k\u00f6nnen, dann ist die Trauer am Abklingen, die Souver\u00e4nit\u00e4t wiedergewonnen oder die dicke Luft hat sich verzogen. Und Humor ist ein wichtiges Ferment im therapeutischen Proze\u00df. Humor trainiert Gesp\u00fcr und &hellip; <a href=\"http:\/\/www.gassenhuber.de\/kontingenz\/humor\/\" class=\"more-link\"><span class=\"screen-reader-text\">&#8211; Humor<\/span> weiterlesen <span class=\"meta-nav\">&rarr;<\/span><\/a><\/p>\n","protected":false},"author":1,"featured_media":0,"parent":0,"menu_order":8,"comment_status":"closed","ping_status":"closed","template":"","meta":{"footnotes":""},"class_list":["post-17","page","type-page","status-publish","hentry"],"_links":{"self":[{"href":"http:\/\/www.gassenhuber.de\/kontingenz\/wp-json\/wp\/v2\/pages\/17"}],"collection":[{"href":"http:\/\/www.gassenhuber.de\/kontingenz\/wp-json\/wp\/v2\/pages"}],"about":[{"href":"http:\/\/www.gassenhuber.de\/kontingenz\/wp-json\/wp\/v2\/types\/page"}],"author":[{"embeddable":true,"href":"http:\/\/www.gassenhuber.de\/kontingenz\/wp-json\/wp\/v2\/users\/1"}],"replies":[{"embeddable":true,"href":"http:\/\/www.gassenhuber.de\/kontingenz\/wp-json\/wp\/v2\/comments?post=17"}],"version-history":[{"count":13,"href":"http:\/\/www.gassenhuber.de\/kontingenz\/wp-json\/wp\/v2\/pages\/17\/revisions"}],"predecessor-version":[{"id":656,"href":"http:\/\/www.gassenhuber.de\/kontingenz\/wp-json\/wp\/v2\/pages\/17\/revisions\/656"}],"wp:attachment":[{"href":"http:\/\/www.gassenhuber.de\/kontingenz\/wp-json\/wp\/v2\/media?parent=17"}],"curies":[{"name":"wp","href":"https:\/\/api.w.org\/{rel}","templated":true}]}}