{"id":120,"date":"2016-04-22T18:43:36","date_gmt":"2016-04-22T16:43:36","guid":{"rendered":"http:\/\/www.gassenhuber.de\/kontingenz\/?page_id=120"},"modified":"2016-05-02T09:05:00","modified_gmt":"2016-05-02T07:05:00","slug":"parken","status":"publish","type":"page","link":"http:\/\/www.gassenhuber.de\/kontingenz\/parken\/","title":{"rendered":"Wo kann ich parken?"},"content":{"rendered":"<p><span style=\"font-size: 12pt;\">Wo kann ich parken?<\/span><\/p>\n<p><span style=\"font-size: 12pt;\">Zwei kostenlose Parkpl\u00e4tze (blaue Pfeile) befinden sich am Nordrand der Insel.<\/span><br \/>\n<span style=\"font-size: 12pt;\"> Zu Ihrem Ziel, Wassergasse 10 (roter Pfeil, Haus mit Zwiebelturm) sind es dann zu Fu\u00df etwa 2 bis 5 Minuten.<\/span><\/p>\n<p><span style=\"font-size: 12pt;\">Rudolf Ga\u00dfenhuber<\/span><br \/>\n<span style=\"font-size: 12pt;\"> Wassergasse 10 (Donauseite der Gasse), IV. Stock<\/span><br \/>\n<span style=\"font-size: 12pt;\"> 93059 Regensburg (Stadtamhof)<\/span><\/p>\n<p><a href=\"http:\/\/www.gassenhuber.de\/kontingenz\/wp-content\/uploads\/2016\/04\/parken_2.jpg\" target=\"_blank\"><img loading=\"lazy\" decoding=\"async\" class=\"alignnone wp-image-121 size-full\" src=\"http:\/\/www.gassenhuber.de\/kontingenz\/wp-content\/uploads\/2016\/04\/parken_2.jpg\" alt=\"parken_2\" width=\"1774\" height=\"949\" srcset=\"http:\/\/www.gassenhuber.de\/kontingenz\/wp-content\/uploads\/2016\/04\/parken_2.jpg 1774w, http:\/\/www.gassenhuber.de\/kontingenz\/wp-content\/uploads\/2016\/04\/parken_2-300x160.jpg 300w, http:\/\/www.gassenhuber.de\/kontingenz\/wp-content\/uploads\/2016\/04\/parken_2-768x411.jpg 768w, http:\/\/www.gassenhuber.de\/kontingenz\/wp-content\/uploads\/2016\/04\/parken_2-1024x548.jpg 1024w\" sizes=\"(max-width: 1774px) 100vw, 1774px\" \/><\/a><\/p>\n<p><span class=\"Text\"><a href=\"http:\/\/www.gassenhuber.de\/kontingenz\/anfahrt\">&#8230; zur\u00fcck zu Anfahrt<\/a><\/span><\/p>\n","protected":false},"excerpt":{"rendered":"<p>Wo kann ich parken? Zwei kostenlose Parkpl\u00e4tze (blaue Pfeile) befinden sich am Nordrand der Insel. Zu Ihrem Ziel, Wassergasse 10 (roter Pfeil, Haus mit Zwiebelturm) sind es dann zu Fu\u00df etwa 2 bis 5 Minuten. Rudolf Ga\u00dfenhuber Wassergasse 10 (Donauseite der Gasse), IV. Stock 93059 Regensburg (Stadtamhof) &#8230; zur\u00fcck zu Anfahrt<\/p>\n","protected":false},"author":1,"featured_media":0,"parent":0,"menu_order":0,"comment_status":"closed","ping_status":"closed","template":"","meta":{"footnotes":""},"class_list":["post-120","page","type-page","status-publish","hentry"],"_links":{"self":[{"href":"http:\/\/www.gassenhuber.de\/kontingenz\/wp-json\/wp\/v2\/pages\/120"}],"collection":[{"href":"http:\/\/www.gassenhuber.de\/kontingenz\/wp-json\/wp\/v2\/pages"}],"about":[{"href":"http:\/\/www.gassenhuber.de\/kontingenz\/wp-json\/wp\/v2\/types\/page"}],"author":[{"embeddable":true,"href":"http:\/\/www.gassenhuber.de\/kontingenz\/wp-json\/wp\/v2\/users\/1"}],"replies":[{"embeddable":true,"href":"http:\/\/www.gassenhuber.de\/kontingenz\/wp-json\/wp\/v2\/comments?post=120"}],"version-history":[{"count":6,"href":"http:\/\/www.gassenhuber.de\/kontingenz\/wp-json\/wp\/v2\/pages\/120\/revisions"}],"predecessor-version":[{"id":625,"href":"http:\/\/www.gassenhuber.de\/kontingenz\/wp-json\/wp\/v2\/pages\/120\/revisions\/625"}],"wp:attachment":[{"href":"http:\/\/www.gassenhuber.de\/kontingenz\/wp-json\/wp\/v2\/media?parent=120"}],"curies":[{"name":"wp","href":"https:\/\/api.w.org\/{rel}","templated":true}]}}