{"id":113,"date":"2016-04-22T18:41:19","date_gmt":"2016-04-22T16:41:19","guid":{"rendered":"http:\/\/www.gassenhuber.de\/kontingenz\/?page_id=113"},"modified":"2016-05-11T21:55:51","modified_gmt":"2016-05-11T19:55:51","slug":"beratung","status":"publish","type":"page","link":"http:\/\/www.gassenhuber.de\/kontingenz\/beratung\/","title":{"rendered":"Philosophische Beratung"},"content":{"rendered":"<p><a href=\"http:\/\/www.gassenhuber.de\/kontingenz\/\"><img loading=\"lazy\" decoding=\"async\" class=\"wp-image-114 size-full\" src=\"http:\/\/www.gassenhuber.de\/kontingenz\/wp-content\/uploads\/2016\/04\/insel.jpg\" alt=\"\u201eKaktusinsel\u201c \u2014 mit freundlicher Genehmigung von Gerd Bauer\" width=\"362\" height=\"500\" srcset=\"http:\/\/www.gassenhuber.de\/kontingenz\/wp-content\/uploads\/2016\/04\/insel.jpg 362w, http:\/\/www.gassenhuber.de\/kontingenz\/wp-content\/uploads\/2016\/04\/insel-217x300.jpg 217w\" sizes=\"(max-width: 362px) 100vw, 362px\" \/><\/a><\/p>\n<p><em><span style=\"font-size: 10pt;\">\u201eKaktusinsel\u201c \u2014 mit freundlicher Genehmigung von Gerd Bauer<\/span><\/em><\/p>\n<p><span class=\"Text\"><strong>Philosophische Beratung, wann und wozu ist das hilfreich?<\/strong><\/span><\/p>\n<div class=\"Text\">Eine Philosophische Beratung ist sinnvoll wenn<\/div>\n<ul>\n<li><span class=\"Text\">gro\u00dfe Entscheidungen anstehen, die schwer fallen,<\/span><\/li>\n<li><span class=\"Text\">\u00a0ich das Gef\u00fchl habe, ich bin mit mir selbst nicht mehr im Reinen,<\/span><\/li>\n<li><span class=\"Text\">ich das Gef\u00fchl habe, ich bin mit meinem Umfeld grunds\u00e4tzlich in Konflikt,<\/span><\/li>\n<li><span class=\"Text\">Gef\u00fchle von Orientierungslosigkeit und Sinnlosigkeit auftauchen.<\/span><\/li>\n<\/ul>\n<p><span class=\"Text\">In diesen F\u00e4llen ist das fraglose Verh\u00e4ltnis von Individuum und Gemeinschaft, von Ich und Familie, Gruppe und Gesellschaft nicht mehr gegeben. Grundfragen wie \u201eWer bin ich?\u201c und \u201eWo geh\u00f6re ich dazu?\u201c tauchen auf und bedr\u00e4ngen uns. Verdiene ich Respekt (W\u00fcrde, Selbstwert) einfach dadurch, dass ich lebe oder erst durch meine Leistungen (Verantwortung) f\u00fcr andere? Philosophische Beratung kann diese Probleme durchsichtiger machen.<\/span><\/p>\n<div class=\"Text\">Philosophie hat sich eingehend gerade mit widerspr\u00fcchlichen, nicht ein f\u00fcr allemal l\u00f6sbaren Problemen (den sogenannten \u201eAntinomien\u201c) besch\u00e4ftigt, kann uns daf\u00fcr sensibilisieren und uns einer aktuell besten L\u00f6sung n\u00e4herbringen:<\/div>\n<ul>\n<li><span class=\"Text\">\u00a0Ich bin Ich und gleichzeitig ein Teil von etwas; wo liegt hier im Moment das richtige Ma\u00df\/Verh\u00e4ltnis?<\/span><\/li>\n<li><span class=\"Text\">Ich soll\/ich will mich einordnen, f\u00fcgen, hilfreich sein; oder bin ich einfach so schon wertvoll?<\/span><\/li>\n<li><span class=\"Text\">Ich bin ein freier Mensch; wof\u00fcr soll ich meine Freiheit verwenden?<\/span><\/li>\n<li><span class=\"Text\">Ich bin auch verg\u00e4nglich, verletzlich und hilflos; wie pa\u00dft das zu meiner Menschenw\u00fcrde?<\/span><\/li>\n<\/ul>\n<p>&nbsp;<\/p>\n<div class=\"Text\">Hinzukommt, dass sich diese Fragen im Laufe der Zeit, im Laufe des Lebens immer wieder neu stellen. Woher nehme ich meine Identit\u00e4t (Selbstgewi\u00dfheit, Selbstsicherheit):<\/div>\n<ul>\n<li><span class=\"Text\">aus meinem Leben, meiner leiblichen Existenz (meiner Natur),<\/span><\/li>\n<li><span class=\"Text\">aus meinen Standpunkten und Ansichten, die ich vertrete (meinem Geist)<\/span><\/li>\n<li><span class=\"Text\">aus meiner Zugeh\u00f6rigkeit zu diesen und jenen Gruppen (meine Familie, meine Firma etc.),<\/span><\/li>\n<li><span class=\"Text\">aus meiner Nicht-Zugeh\u00f6rigkeit zu anderen (Ich bin kein &#8230;)?<\/span><\/li>\n<\/ul>\n<p>&nbsp;<\/p>\n<div class=\"Text\">Alle diese Quellen des Selbst sind normal und wichtig. In Problemzeiten finden hier Umschichtungen und Neuorientierungen statt. Die Philosophie hat im Laufe der Jahrhunderte (\u00fcber allerlei Umwege) vier Eckpunkte entfaltet oder wieder neu gefunden, die wir meines Erachtens beachten und nicht wieder verlieren sollten:<\/div>\n<ul>\n<li><span class=\"Text\">die Wertsch\u00e4tzung des Individuellen (des Einzelnen, Besonderen),<\/span><\/li>\n<li><span class=\"Text\">die Wertsch\u00e4tzung des Leibes und der leiblichen Erfahrungen,<\/span><\/li>\n<li><span class=\"Text\">die Wertsch\u00e4tzung des Dialogs. Philosophische Beratung kann nur hei\u00dfen: Besinnung im Dialog,<\/span><\/li>\n<li><span class=\"Text\">die Beachtung der Zeitlichkeit aller Ph\u00e4nomene. Das Leben \u2013 und das, was uns bewegt, anspricht, anzieht \u2013 ist nicht statisch.<\/span><\/li>\n<\/ul>\n<p>&nbsp;<\/p>\n<div class=\"Text\">Wenn es gelingt, ein Problem\/ein Thema in diese vier Richtungen auszuspannen ist schon viel gewonnen. Folgende Schritte haben immer einen erhellenden, kl\u00e4ren Effekt:<\/div>\n<ul>\n<li><span class=\"Text\">gemeinsam zu untersuchen, \u201eWas bedeutet das f\u00fcr mich?\u201c<\/span><\/li>\n<li><span class=\"Text\">wie f\u00fchlt sich das korrespondierende leibliche Empfinden dazu an?<\/span><\/li>\n<li><span class=\"Text\">wie ist es jetzt, woher kommt es, wie ver\u00e4ndert es sich?<\/span><\/li>\n<li><span class=\"Text\">In diesem erweiterten Blick \u201eaufs Ganze\u201c bekommen Antworten und neue Sicherheiten eine gute Chance aufzutauchen.<\/span><\/li>\n<\/ul>\n<p><span class=\"Text\">(Mehr zum Thema <span style=\"color: #006039;\">\u201e<a style=\"color: #006039;\" href=\"http:\/\/www.gassenhuber.de\/kontingenz\/phil-beratung-was-ist-das\/\">Philosophische Beratung, was ist das?<\/a>\u201c<\/span>)<\/span><\/p>\n<div class=\"Text\"><strong>Men\u00fc<\/strong><\/div>\n<ul class=\"Text\">\n<li>Zentrale Themen: <a href=\"http:\/\/www.gassenhuber.de\/kontingenz\/gespraech\/\">Gespr\u00e4ch<\/a>\u00a0\u2013\u00a0<a href=\"http:\/\/www.gassenhuber.de\/kontingenz\/individuation\/\">Individuation<\/a>\u00a0\u2013\u00a0<a href=\"http:\/\/www.gassenhuber.de\/kontingenz\/existenz\/\">Existenz<\/a>\u00a0\u2013\u00a0<a href=\"http:\/\/www.gassenhuber.de\/kontingenz\/kontingenz\/\">Kontingenz<\/a>\u00a0\u2013\u00a0<a href=\"http:\/\/www.gassenhuber.de\/kontingenz\/religion\/\">Religion<\/a>\u00a0\u2013\u00a0<a href=\"http:\/\/www.gassenhuber.de\/kontingenz\/humor\/\">Humor<\/a>\u00a0\u2013\u00a0<a href=\"http:\/\/www.gassenhuber.de\/kontingenz\/praesenz\/\">Pr\u00e4senz<\/a><\/li>\n<li>Therapie und Beratung: <a href=\"http:\/\/www.gassenhuber.de\/kontingenz\/psychotherapie-regensburg\/\">Einzelsitzungen Psychotherapie<\/a>\u00a0\u2013\u00a0<a href=\"http:\/\/www.gassenhuber.de\/kontingenz\/paare\/\">Paarberatung <\/a>\u00a0\u2013\u00a0<a href=\"http:\/\/www.gassenhuber.de\/kontingenz\/beratung\/\">Philosophische Beratung<\/a><\/li>\n<li><a href=\"http:\/\/www.gassenhuber.de\/kontingenz\/ueber-mich\/\">\u00dcber mich<\/a>\u00a0\u2013\u00a0<a href=\"http:\/\/www.gassenhuber.de\/kontingenz\/anfahrt\/\">Anfahrt <\/a>\u00a0\u2013\u00a0<a href=\"http:\/\/www.gassenhuber.de\/kontingenz\/wpmaterialien\/\">Materialien<\/a><\/li>\n<\/ul>\n","protected":false},"excerpt":{"rendered":"<p>\u201eKaktusinsel\u201c \u2014 mit freundlicher Genehmigung von Gerd Bauer Philosophische Beratung, wann und wozu ist das hilfreich? Eine Philosophische Beratung ist sinnvoll wenn gro\u00dfe Entscheidungen anstehen, die schwer fallen, \u00a0ich das Gef\u00fchl habe, ich bin mit mir selbst nicht mehr im Reinen, ich das Gef\u00fchl habe, ich bin mit meinem Umfeld grunds\u00e4tzlich in Konflikt, Gef\u00fchle von &hellip; <a href=\"http:\/\/www.gassenhuber.de\/kontingenz\/beratung\/\" class=\"more-link\"><span class=\"screen-reader-text\">Philosophische Beratung<\/span> weiterlesen <span class=\"meta-nav\">&rarr;<\/span><\/a><\/p>\n","protected":false},"author":1,"featured_media":0,"parent":0,"menu_order":0,"comment_status":"closed","ping_status":"closed","template":"","meta":{"footnotes":""},"class_list":["post-113","page","type-page","status-publish","hentry"],"_links":{"self":[{"href":"http:\/\/www.gassenhuber.de\/kontingenz\/wp-json\/wp\/v2\/pages\/113"}],"collection":[{"href":"http:\/\/www.gassenhuber.de\/kontingenz\/wp-json\/wp\/v2\/pages"}],"about":[{"href":"http:\/\/www.gassenhuber.de\/kontingenz\/wp-json\/wp\/v2\/types\/page"}],"author":[{"embeddable":true,"href":"http:\/\/www.gassenhuber.de\/kontingenz\/wp-json\/wp\/v2\/users\/1"}],"replies":[{"embeddable":true,"href":"http:\/\/www.gassenhuber.de\/kontingenz\/wp-json\/wp\/v2\/comments?post=113"}],"version-history":[{"count":20,"href":"http:\/\/www.gassenhuber.de\/kontingenz\/wp-json\/wp\/v2\/pages\/113\/revisions"}],"predecessor-version":[{"id":701,"href":"http:\/\/www.gassenhuber.de\/kontingenz\/wp-json\/wp\/v2\/pages\/113\/revisions\/701"}],"wp:attachment":[{"href":"http:\/\/www.gassenhuber.de\/kontingenz\/wp-json\/wp\/v2\/media?parent=113"}],"curies":[{"name":"wp","href":"https:\/\/api.w.org\/{rel}","templated":true}]}}