{"id":109,"date":"2016-04-22T18:39:51","date_gmt":"2016-04-22T16:39:51","guid":{"rendered":"http:\/\/www.gassenhuber.de\/kontingenz\/?page_id=109"},"modified":"2020-07-23T11:34:55","modified_gmt":"2020-07-23T09:34:55","slug":"paare","status":"publish","type":"page","link":"http:\/\/www.gassenhuber.de\/kontingenz\/paare\/","title":{"rendered":"Paarberatung Regensburg"},"content":{"rendered":"<figure id=\"attachment_110\" aria-describedby=\"caption-attachment-110\" style=\"width: 450px\" class=\"wp-caption alignnone\"><a href=\"http:\/\/www.gassenhuber.de\/kontingenz\/\"><img loading=\"lazy\" decoding=\"async\" class=\"wp-image-110 size-full\" src=\"http:\/\/www.gassenhuber.de\/kontingenz\/wp-content\/uploads\/2016\/04\/deckenegoist.jpg\" alt=\"Cartoon von Joe Kohl \" width=\"450\" height=\"341\" srcset=\"http:\/\/www.gassenhuber.de\/kontingenz\/wp-content\/uploads\/2016\/04\/deckenegoist.jpg 450w, http:\/\/www.gassenhuber.de\/kontingenz\/wp-content\/uploads\/2016\/04\/deckenegoist-300x227.jpg 300w\" sizes=\"(max-width: 450px) 100vw, 450px\" \/><\/a><figcaption id=\"caption-attachment-110\" class=\"wp-caption-text\"><span style=\"font-size: 10pt;\"><em><span class=\"genehm\">Cartoon von<span style=\"color: #006039;\"><a style=\"color: #006039;\" href=\"http:\/\/www.squirtsplace.com\/kohl\/blankethog.jpg\" target=\"_blank\" rel=\"noopener noreferrer\"> Joe Kohl <\/a><\/span><\/span><\/em><\/span><\/figcaption><\/figure>\n<p><span class=\"Text\">Paarbeziehungen in Krisen oder vor gro\u00dfen Entscheidungen k\u00f6nnen oft von einem Dritten profitieren, der das Ganze von Au\u00dfen und auch mit etwas Abstand betrachtet, Fragen stellt und es erm\u00f6glicht, dass Dinge klarer, sortierter, durchsichtiger werden.<\/span><\/p>\n<p><span class=\"Text\">Sitzungen mit Paaren dauern in der Regel ca. 90 Minuten. Die Anzahl der Sitzungen sollte nicht von vorne herein begrenzt sein, aber erfahrungsgem\u00e4\u00df ben\u00f6tigt ein Thema zwischen 3 und ca. 10 Sitzungen.<\/span><\/p>\n<p><span class=\"Text\"><strong>Themen und Probleme f\u00fcr eine Paarberatung\/Paartherapie:<\/strong><\/span><\/p>\n<p><span class=\"Text\">\u2014 Schwierigkeiten in der Anfangsphase einer Beziehung wie Mangel an Vertrauen, Eifersucht auf die Vergangenheit des anderen, Angst vor Bindung, z\u00e4rtliche oder sexuelle Distanz, Probleme mit Polarit\u00e4ten wie Dominanz \u2014 Anh\u00e4nglichkeit, Bestimmen \u2014 sich f\u00fcgen, unterschiedliche Lebenststile wie \u201eSchmutztoleranz\u201c, gegenseitige Verletzungen&#8230;<\/span><\/p>\n<p><span class=\"Text\">\u2014 Probleme aus dem Lebensumfeld des Paares wie unterschiedliche Berufe, Kinderwunsch, Kinderbetreuung und Berufsarbeit, Karriere und\/oder Familie, Belastungen durch die Verwandtschaft, Lebensstile in der Herkunftsfamilie<\/span><\/p>\n<p><span class=\"Text\">\u2014 Schwierigkeiten in l\u00e4ngeren Beziehungen wie Ende der Verliebtheit, Defizite an Konfliktf\u00e4higkeit, Verschweigen oder Eskalieren, Anh\u00e4ufung von Tabuthemen, \u201eAusweitung des Minenfeldes\u201c, Verlust an Lebendigkeit, Distanz, eingefahrene Muster, Verachtung, Verbitterung<\/span><\/p>\n<p><span class=\"Text\">\u2014 Allgemeine Themen: Trauerf\u00e4lle, Schicksalsschl\u00e4ge, Krankheit<\/span><\/p>\n<p><span class=\"Text\">\u2014 Generelle Themen wie tiefgehende Verletzungen, Atmosph\u00e4re der Vorw\u00fcrfe, Kritik, mangelnde Wertsch\u00e4tzung, \u00fcberm\u00e4\u00dfige Kontrolle, Mi\u00dftrauen, \u00dcberma\u00df an Rechtfertigen, Verteidigen, Behaupten, zuwenig Vertrauen und zuviel Macht oder zuviel Bindung und zuwenig Selbstentfaltung, Thema Sexualit\u00e4t, Z\u00e4rtlichkeit, &#8222;Fellpflege&#8220;, sexuelle Au\u00dfenkontakte, Eifersucht<\/span><\/p>\n<p><!-- <span class=\"Text\">In manchen F\u00e4llen schlage ich vor, meine Frau als zweiten Therapeuten \u2014 und Balance der weiblichen Seite \u2014 hinzuzunehmen. Meine Frau ist Therapeut f\u00fcr l\u00f6sungsorientierte Hypnose und Physiotherapeut mit Praxis in Neutraubling, siehe <span style=\"color: #006039;\"><a style=\"color: #006039;\" href=\"http:\/\/www.praxisamteich.de\">www.praxisamteich.de<\/a><\/span>. Die Kosten erh\u00f6hen sich dadurch nicht.<\/span> --><\/p>\n<div class=\"Text\"><strong>Kosten<\/strong><\/div>\n<ul class=\"Text\">\n<li>Einzelstunde, 50\u201460 Min., 80,\u2013 \u20ac<\/li>\n<li>Paarberatung, ca. 90 Minuten, 140,\u2013 \u20ac<\/li>\n<\/ul>\n<p><span class=\"Text\"><br \/>\nInterview durch den Regensburger Radiosender gong fm zum Thema Fernbeziehung:<br \/>\n<\/span><\/p>\n<!--[if lt IE 9]><script>document.createElement('audio');<\/script><![endif]-->\n<audio class=\"wp-audio-shortcode\" id=\"audio-109-1\" preload=\"none\" style=\"width: 100%;\" controls=\"controls\"><source type=\"audio\/mpeg\" src=\"http:\/\/www.gassenhuber.de\/kontingenz\/wp-content\/uploads\/2017\/02\/MITSCHNITT-Gassenhuber-Paartherapeut_jb.mp3?_=1\" \/><a href=\"http:\/\/www.gassenhuber.de\/kontingenz\/wp-content\/uploads\/2017\/02\/MITSCHNITT-Gassenhuber-Paartherapeut_jb.mp3\">http:\/\/www.gassenhuber.de\/kontingenz\/wp-content\/uploads\/2017\/02\/MITSCHNITT-Gassenhuber-Paartherapeut_jb.mp3<\/a><\/audio>\n<div class=\"Text\"><strong>Men\u00fc<\/strong><\/div>\n<ul class=\"Text\">\n<li>Zentrale Themen: <a href=\"http:\/\/www.gassenhuber.de\/kontingenz\/gespraech\/\">Gespr\u00e4ch<\/a>\u00a0\u2013\u00a0<a href=\"http:\/\/www.gassenhuber.de\/kontingenz\/individuation\/\">Individuation<\/a>\u00a0\u2013\u00a0<a href=\"http:\/\/www.gassenhuber.de\/kontingenz\/existenz\/\">Existenz<\/a>\u00a0\u2013\u00a0<a href=\"http:\/\/www.gassenhuber.de\/kontingenz\/kontingenz\/\">Kontingenz<\/a>\u00a0\u2013\u00a0<a href=\"http:\/\/www.gassenhuber.de\/kontingenz\/religion\/\">Religion<\/a>\u00a0\u2013\u00a0<a href=\"http:\/\/www.gassenhuber.de\/kontingenz\/humor\/\">Humor<\/a>\u00a0\u2013\u00a0<a href=\"http:\/\/www.gassenhuber.de\/kontingenz\/praesenz\/\">Pr\u00e4senz<\/a><\/li>\n<li>Therapie und Beratung: <a href=\"http:\/\/www.gassenhuber.de\/kontingenz\/psychotherapie-regensburg\/\">Einzelsitzungen Psychotherapie<\/a>\u00a0\u2013\u00a0<a href=\"http:\/\/www.gassenhuber.de\/kontingenz\/paare\/\">Paarberatung <\/a>\u00a0\u2013\u00a0<a href=\"http:\/\/www.gassenhuber.de\/kontingenz\/beratung\/\">Philosophische Beratung<\/a><\/li>\n<li><a href=\"http:\/\/www.gassenhuber.de\/kontingenz\/ueber-mich\/\">\u00dcber mich<\/a>\u00a0\u2013\u00a0<a href=\"http:\/\/www.gassenhuber.de\/kontingenz\/anfahrt\/\">Anfahrt <\/a>\u00a0\u2013\u00a0<a href=\"http:\/\/www.gassenhuber.de\/kontingenz\/wpmaterialien\/\">Materialien<\/a><\/li>\n<\/ul>\n","protected":false},"excerpt":{"rendered":"<p>Paarbeziehungen in Krisen oder vor gro\u00dfen Entscheidungen k\u00f6nnen oft von einem Dritten profitieren, der das Ganze von Au\u00dfen und auch mit etwas Abstand betrachtet, Fragen stellt und es erm\u00f6glicht, dass Dinge klarer, sortierter, durchsichtiger werden. Sitzungen mit Paaren dauern in der Regel ca. 90 Minuten. Die Anzahl der Sitzungen sollte nicht von vorne herein begrenzt &hellip; <a href=\"http:\/\/www.gassenhuber.de\/kontingenz\/paare\/\" class=\"more-link\"><span class=\"screen-reader-text\">Paarberatung Regensburg<\/span> weiterlesen <span class=\"meta-nav\">&rarr;<\/span><\/a><\/p>\n","protected":false},"author":1,"featured_media":0,"parent":0,"menu_order":0,"comment_status":"closed","ping_status":"closed","template":"","meta":{"footnotes":""},"class_list":["post-109","page","type-page","status-publish","hentry"],"_links":{"self":[{"href":"http:\/\/www.gassenhuber.de\/kontingenz\/wp-json\/wp\/v2\/pages\/109"}],"collection":[{"href":"http:\/\/www.gassenhuber.de\/kontingenz\/wp-json\/wp\/v2\/pages"}],"about":[{"href":"http:\/\/www.gassenhuber.de\/kontingenz\/wp-json\/wp\/v2\/types\/page"}],"author":[{"embeddable":true,"href":"http:\/\/www.gassenhuber.de\/kontingenz\/wp-json\/wp\/v2\/users\/1"}],"replies":[{"embeddable":true,"href":"http:\/\/www.gassenhuber.de\/kontingenz\/wp-json\/wp\/v2\/comments?post=109"}],"version-history":[{"count":23,"href":"http:\/\/www.gassenhuber.de\/kontingenz\/wp-json\/wp\/v2\/pages\/109\/revisions"}],"predecessor-version":[{"id":1002,"href":"http:\/\/www.gassenhuber.de\/kontingenz\/wp-json\/wp\/v2\/pages\/109\/revisions\/1002"}],"wp:attachment":[{"href":"http:\/\/www.gassenhuber.de\/kontingenz\/wp-json\/wp\/v2\/media?parent=109"}],"curies":[{"name":"wp","href":"https:\/\/api.w.org\/{rel}","templated":true}]}}