{"id":106,"date":"2016-04-22T18:36:42","date_gmt":"2016-04-22T16:36:42","guid":{"rendered":"http:\/\/www.gassenhuber.de\/kontingenz\/?page_id=106"},"modified":"2016-05-01T21:53:59","modified_gmt":"2016-05-01T19:53:59","slug":"hpversicherung","status":"publish","type":"page","link":"http:\/\/www.gassenhuber.de\/kontingenz\/hpversicherung\/","title":{"rendered":"Leitfaden Heilpraktikerversicherung"},"content":{"rendered":"<p><span class=\"Text\">Heilpraktikerversicherungen, Krankenzusatzversicherungen f\u00fcr Heilpraktiker etc.<\/span><br \/>\n<span class=\"Text\"> erstatten die Kosten f\u00fcr Psychotherapie nach dem Geb\u00fchrenverzeichnis f\u00fcr<\/span><br \/>\n<span class=\"Text\"> Heilpraktiker, Geb\u00fcH Punkt 19 Psychotherapie.<\/span><\/p>\n<p><span class=\"Text\">Hier finden Sie <a href=\"https:\/\/www.gutguenstigversichert.de\/heilpraktikerversicherung.html\">Versicherungsangebote im Vergleich.<br \/>\n<\/a> Auswahlkriterien f\u00fcr einen Neuabschlu\u00df einer Heilpraktikerversicherung:<\/span><\/p>\n<ul>\n<li><span class=\"Text\">Wird Psychotherapie nach Geb\u00fcH 19 erstattet? (i.d.R. ja, wenn es eine neue Therapie ist.)<\/span><\/li>\n<li><span class=\"Text\">Werden die Geb\u00fcH-H\u00f6chsts\u00e4tze \u00fcbernommen? (\u00fcblich sind 80% bis 100%)<\/span><\/li>\n<li><span class=\"Text\">Wie lange ist die Wartezeit bis zur Kosten\u00fcbernahme? (\u00fcblich sind 3 oder 8 Monate)<\/span><\/li>\n<li><span class=\"Text\">Welche H\u00f6chstsumme wird im 1. Jahr \u00fcbernommen? (\u00fcblich sind 500 \u20ac oder 1250 \u20ac)<\/span><\/li>\n<\/ul>\n<p><span><\/span><br \/>\n<span class=\"Text\">Kl\u00e4ren Sie die Kosten\u00fcbernahme mit Ihrem Versicherer am Besten gleich nach unserem Erstgespr\u00e4ch.<\/span><\/p>\n<p><span class=\"Text\"><a href=\"http:\/\/www.gassenhuber.de\/kontingenz\/psychotherapie\/#hpversicherung\">&#8230; zur\u00fcck<\/a><span\n<\/p>\n","protected":false},"excerpt":{"rendered":"<p>Heilpraktikerversicherungen, Krankenzusatzversicherungen f\u00fcr Heilpraktiker etc. erstatten die Kosten f\u00fcr Psychotherapie nach dem Geb\u00fchrenverzeichnis f\u00fcr Heilpraktiker, Geb\u00fcH Punkt 19 Psychotherapie. Hier finden Sie Versicherungsangebote im Vergleich. Auswahlkriterien f\u00fcr einen Neuabschlu\u00df einer Heilpraktikerversicherung: Wird Psychotherapie nach Geb\u00fcH 19 erstattet? (i.d.R. ja, wenn es eine neue Therapie ist.) Werden die Geb\u00fcH-H\u00f6chsts\u00e4tze \u00fcbernommen? (\u00fcblich sind 80% bis 100%) Wie &hellip; <a href=\"http:\/\/www.gassenhuber.de\/kontingenz\/hpversicherung\/\" class=\"more-link\"><span class=\"screen-reader-text\">Leitfaden Heilpraktikerversicherung<\/span> weiterlesen <span class=\"meta-nav\">&rarr;<\/span><\/a><\/p>\n","protected":false},"author":1,"featured_media":0,"parent":0,"menu_order":0,"comment_status":"closed","ping_status":"closed","template":"","meta":{"footnotes":""},"class_list":["post-106","page","type-page","status-publish","hentry"],"_links":{"self":[{"href":"http:\/\/www.gassenhuber.de\/kontingenz\/wp-json\/wp\/v2\/pages\/106"}],"collection":[{"href":"http:\/\/www.gassenhuber.de\/kontingenz\/wp-json\/wp\/v2\/pages"}],"about":[{"href":"http:\/\/www.gassenhuber.de\/kontingenz\/wp-json\/wp\/v2\/types\/page"}],"author":[{"embeddable":true,"href":"http:\/\/www.gassenhuber.de\/kontingenz\/wp-json\/wp\/v2\/users\/1"}],"replies":[{"embeddable":true,"href":"http:\/\/www.gassenhuber.de\/kontingenz\/wp-json\/wp\/v2\/comments?post=106"}],"version-history":[{"count":10,"href":"http:\/\/www.gassenhuber.de\/kontingenz\/wp-json\/wp\/v2\/pages\/106\/revisions"}],"predecessor-version":[{"id":602,"href":"http:\/\/www.gassenhuber.de\/kontingenz\/wp-json\/wp\/v2\/pages\/106\/revisions\/602"}],"wp:attachment":[{"href":"http:\/\/www.gassenhuber.de\/kontingenz\/wp-json\/wp\/v2\/media?parent=106"}],"curies":[{"name":"wp","href":"https:\/\/api.w.org\/{rel}","templated":true}]}}